{"id":14635,"date":"2025-03-05T09:08:39","date_gmt":"2025-03-05T08:08:39","guid":{"rendered":"https:\/\/gomeslawyers.com\/?page_id=14635"},"modified":"2025-03-05T09:15:36","modified_gmt":"2025-03-05T08:15:36","slug":"gide-frangely-boukaka-boka","status":"publish","type":"page","link":"https:\/\/gomeslawyers.com\/fr\/our-team\/gide-frangely-boukaka-boka\/","title":{"rendered":"Gide Frangely BOUKAKA BOKA"},"content":{"rendered":"<div data-elementor-type=\"wp-page\" data-elementor-id=\"14635\" class=\"elementor elementor-14635\" data-elementor-post-type=\"page\">\n\t\t\t\t        <section class=\"elementor-section elementor-top-section elementor-element elementor-element-39e602b elementor-section-boxed elementor-section-height-default elementor-section-height-default pxl-shape-divider-none\" data-id=\"39e602b\" data-element_type=\"section\" data-settings=\"{&quot;background_background&quot;:&quot;classic&quot;}\">\n\n                            <div class=\"elementor-background-overlay\"><\/div>\n            \n                <div class=\"elementor-container elementor-column-gap-default\">\n                <div class=\"elementor-column elementor-col-100 elementor-top-column elementor-element elementor-element-755a090 pxl-column-element-default\" data-id=\"755a090\" data-element_type=\"column\">\r\n        <div class=\"elementor-widget-wrap elementor-element-populated\">\r\n                    \t\t<div class=\"elementor-element elementor-element-60cb70c pxl-heading-layout-1 elementor-widget elementor-widget-pxl_heading\" data-id=\"60cb70c\" data-element_type=\"widget\" data-widget_type=\"pxl_heading.default\">\n\t\t\t\t<div class=\"elementor-widget-container\">\n\t\t\t\t\t<div class=\"pxl-heading-wrap d-flex layout1\">\n    <div class=\"pxl-heading-inner\">\n        \n        <h2 class=\"heading-title\">\n            <span >\n                Gide Frangely BOUKAKA BOKA            <\/span>\n                    <\/h2>\n\n            <\/div>\n<\/div>\n\n\t\t\t\t<\/div>\n\t\t\t\t<\/div>\n\t\t                    <\/div>\r\n        <\/div>\r\n        \t\t\t<\/div>\n\t\t<\/section>\n\t\t        <section class=\"elementor-section elementor-top-section elementor-element elementor-element-8d66fc8 elementor-reverse-tablet elementor-reverse-mobile_extra elementor-reverse-mobile elementor-section-boxed elementor-section-height-default elementor-section-height-default pxl-shape-divider-none\" data-id=\"8d66fc8\" data-element_type=\"section\">\n\n                \n                <div class=\"elementor-container elementor-column-gap-default\">\n                <div class=\"elementor-column elementor-col-50 elementor-top-column elementor-element elementor-element-7655d20 pxl-column-element-default\" data-id=\"7655d20\" data-element_type=\"column\">\r\n        <div class=\"elementor-widget-wrap elementor-element-populated\">\r\n                    \t\t<div class=\"elementor-element elementor-element-1782c3b flash-hover elementor-widget elementor-widget-image\" data-id=\"1782c3b\" data-element_type=\"widget\" data-widget_type=\"image.default\">\n\t\t\t\t<div class=\"elementor-widget-container\">\n\t\t\t\t\t\t\t\t\t\t\t\t\t\t\t<img fetchpriority=\"high\" decoding=\"async\" width=\"467\" height=\"534\" src=\"https:\/\/gomeslawyers.com\/wp-content\/uploads\/2025\/02\/Gide-BOUKAKA.jpg\" class=\"attachment-full size-full wp-image-14398\" alt=\"\" srcset=\"https:\/\/gomeslawyers.com\/wp-content\/uploads\/2025\/02\/Gide-BOUKAKA.jpg 467w, https:\/\/gomeslawyers.com\/wp-content\/uploads\/2025\/02\/Gide-BOUKAKA-262x300.jpg 262w, https:\/\/gomeslawyers.com\/wp-content\/uploads\/2025\/02\/Gide-BOUKAKA-10x12.jpg 10w\" sizes=\"(max-width: 467px) 100vw, 467px\" \/>\t\t\t\t\t\t\t\t\t\t\t\t\t\t\t<\/div>\n\t\t\t\t<\/div>\n\t\t        <section class=\"elementor-section elementor-inner-section elementor-element elementor-element-f049bfd elementor-section-boxed elementor-section-height-default elementor-section-height-default pxl-shape-divider-none\" data-id=\"f049bfd\" data-element_type=\"section\" data-settings=\"{&quot;background_background&quot;:&quot;classic&quot;}\">\n\n                            <div class=\"elementor-background-overlay\"><\/div>\n            \n                <div class=\"elementor-container elementor-column-gap-no\">\n                <div class=\"elementor-column elementor-col-100 elementor-inner-column elementor-element elementor-element-73f391d pxl-column-element-default\" data-id=\"73f391d\" data-element_type=\"column\">\r\n        <div class=\"elementor-widget-wrap elementor-element-populated\">\r\n                    \t\t<div class=\"elementor-element elementor-element-a922d19 mobile-inline elementor-vertical-align-top elementor-widget elementor-widget-icon-box\" data-id=\"a922d19\" data-element_type=\"widget\" data-widget_type=\"icon-box.default\">\n\t\t\t\t<div class=\"elementor-widget-container\">\n\t\t\t\t\t\t\t<div class=\"elementor-icon-box-wrapper\">\n\n\t\t\t\n\t\t\t\t\t\t<div class=\"elementor-icon-box-content\">\n\n\t\t\t\t\t\t\t\t\t<h3 class=\"elementor-icon-box-title\">\n\t\t\t\t\t\t<a href=\"mailto:contact@example.com\" >\n\t\t\t\t\t\t\tLangues :\t\t\t\t\t\t<\/a>\n\t\t\t\t\t<\/h3>\n\t\t\t\t\n\t\t\t\t\t\t\t\t\t<p class=\"elementor-icon-box-description\">\n\t\t\t\t\t\tLingala, Fran\u00e7ais\t\t\t\t\t<\/p>\n\t\t\t\t\n\t\t\t<\/div>\n\t\t\t\n\t\t<\/div>\n\t\t\t\t\t\t<\/div>\n\t\t\t\t<\/div>\n\t\t                    <\/div>\r\n        <\/div>\r\n        \t\t\t<\/div>\n\t\t<\/section>\n\t\t                    <\/div>\r\n        <\/div>\r\n                <div class=\"elementor-column elementor-col-50 elementor-top-column elementor-element elementor-element-e0eb543 pxl-column-element-default\" data-id=\"e0eb543\" data-element_type=\"column\">\r\n        <div class=\"elementor-widget-wrap elementor-element-populated\">\r\n                            <section class=\"elementor-section elementor-inner-section elementor-element elementor-element-5c3a05a elementor-section-boxed elementor-section-height-default elementor-section-height-default pxl-shape-divider-none\" data-id=\"5c3a05a\" data-element_type=\"section\">\n\n                \n                <div class=\"elementor-container elementor-column-gap-no\">\n                <div class=\"elementor-column elementor-col-100 elementor-inner-column elementor-element elementor-element-9c49a8c pxl-column-element-default\" data-id=\"9c49a8c\" data-element_type=\"column\">\r\n        <div class=\"elementor-widget-wrap elementor-element-populated\">\r\n                    \t\t<div class=\"elementor-element elementor-element-c1ae30a pxl-heading-layout-1 elementor-widget elementor-widget-pxl_heading\" data-id=\"c1ae30a\" data-element_type=\"widget\" data-widget_type=\"pxl_heading.default\">\n\t\t\t\t<div class=\"elementor-widget-container\">\n\t\t\t\t\t<div class=\"pxl-heading-wrap d-flex layout1\">\n    <div class=\"pxl-heading-inner\">\n        \n        <h3 class=\"heading-title pxl-animate pxl-invisible animated-normal\" data-settings=\"{&quot;animation&quot;:&quot;fadeInUp&quot;,&quot;animation_delay&quot;:200}\">\n            <span >\n                Gide Frangely BOUKAKA BOKA            <\/span>\n                    <\/h3>\n\n                    <div class=\"heading-subtitle line-on\">\n                <span>Office Manager<\/span>\n            <\/div>\n            <\/div>\n<\/div>\n\n\t\t\t\t<\/div>\n\t\t\t\t<\/div>\n\t\t\t\t<div class=\"elementor-element elementor-element-7c170ba elementor-widget elementor-widget-pxl_text_editor\" data-id=\"7c170ba\" data-element_type=\"widget\" data-widget_type=\"pxl_text_editor.default\">\n\t\t\t\t<div class=\"elementor-widget-container\">\n\t\t\t\t\t<div id=\"pxl_text_editor-7c170ba-6499\" class=\"pxl-text-editor-wrap d-flex\" >\n\t<div class=\"pxl-text-editor elementor-clearfix\">\n        Gide est office manager au sein du Cabinet Gomes. Il est responsable de la coordination des activit\u00e9s du bureau, les relations avec les clients et partenaires.<br\/><br\/>\n\nDans l'exercice de son r\u00f4le, il veille \u00e0 ce que tout fonctionne sans probl\u00e8me au sein du cabinet, en assurant une organisation optimale de travail.<br\/><br\/>\n\nIl parle couramment le fran\u00e7ais, le lingala.\n\t<\/div>\n<\/div>\t\t\t\t<\/div>\n\t\t\t\t<\/div>\n\t\t                    <\/div>\r\n        <\/div>\r\n        \t\t\t<\/div>\n\t\t<\/section>\n\t\t        <section class=\"elementor-section elementor-inner-section elementor-element elementor-element-a504c4e elementor-hidden-desktop elementor-hidden-laptop elementor-hidden-tablet_extra elementor-hidden-tablet elementor-hidden-mobile_extra elementor-hidden-mobile elementor-section-boxed elementor-section-height-default elementor-section-height-default pxl-shape-divider-none\" data-id=\"a504c4e\" data-element_type=\"section\">\n\n                \n                <div class=\"elementor-container elementor-column-gap-no\">\n                <div class=\"elementor-column elementor-col-50 elementor-inner-column elementor-element elementor-element-560c601 pxl-column-element-default\" data-id=\"560c601\" data-element_type=\"column\">\r\n        <div class=\"elementor-widget-wrap elementor-element-populated\">\r\n                    \t\t<div class=\"elementor-element elementor-element-39c391a pxl-heading-layout-1 elementor-widget elementor-widget-pxl_heading\" data-id=\"39c391a\" data-element_type=\"widget\" data-widget_type=\"pxl_heading.default\">\n\t\t\t\t<div class=\"elementor-widget-container\">\n\t\t\t\t\t<div class=\"pxl-heading-wrap d-flex layout1\">\n    <div class=\"pxl-heading-inner\">\n        \n        <h3 class=\"heading-title\">\n            <span >\n                SECTOR            <\/span>\n                    <\/h3>\n\n            <\/div>\n<\/div>\n\n\t\t\t\t<\/div>\n\t\t\t\t<\/div>\n\t\t\t\t<div class=\"elementor-element elementor-element-6ba47e2 elementor-icon-list--layout-traditional elementor-list-item-link-full_width elementor-widget elementor-widget-icon-list\" data-id=\"6ba47e2\" data-element_type=\"widget\" data-widget_type=\"icon-list.default\">\n\t\t\t\t<div class=\"elementor-widget-container\">\n\t\t\t\t\t\t\t<ul class=\"elementor-icon-list-items\">\n\t\t\t\t\t\t\t<li class=\"elementor-icon-list-item\">\n\t\t\t\t\t\t\t\t\t\t\t<span class=\"elementor-icon-list-icon\">\n\t\t\t\t\t\t\t<svg xmlns=\"http:\/\/www.w3.org\/2000\/svg\" data-name=\"Layer 1\" viewbox=\"0 0 12 12\"><defs><style>.cls-1{fill:#ad9779;}.cls-2{fill:none;stroke:#ad9779;opacity:0.4;isolation:isolate;}<\/style><\/defs><rect class=\"cls-1\" x=\"3.5\" y=\"3.5\" width=\"5\" height=\"5\"><\/rect><rect class=\"cls-2\" x=\"0.5\" y=\"0.5\" width=\"11\" height=\"11\"><\/rect><\/svg>\t\t\t\t\t\t<\/span>\n\t\t\t\t\t\t\t\t\t\t<span class=\"elementor-icon-list-text\">Distribution &amp; consommation<\/span>\n\t\t\t\t\t\t\t\t\t<\/li>\n\t\t\t\t\t\t\t\t<li class=\"elementor-icon-list-item\">\n\t\t\t\t\t\t\t\t\t\t\t<span class=\"elementor-icon-list-icon\">\n\t\t\t\t\t\t\t<svg xmlns=\"http:\/\/www.w3.org\/2000\/svg\" data-name=\"Layer 1\" viewbox=\"0 0 12 12\"><defs><style>.cls-1{fill:#ad9779;}.cls-2{fill:none;stroke:#ad9779;opacity:0.4;isolation:isolate;}<\/style><\/defs><rect class=\"cls-1\" x=\"3.5\" y=\"3.5\" width=\"5\" height=\"5\"><\/rect><rect class=\"cls-2\" x=\"0.5\" y=\"0.5\" width=\"11\" height=\"11\"><\/rect><\/svg>\t\t\t\t\t\t<\/span>\n\t\t\t\t\t\t\t\t\t\t<span class=\"elementor-icon-list-text\">Industrie<\/span>\n\t\t\t\t\t\t\t\t\t<\/li>\n\t\t\t\t\t\t\t\t<li class=\"elementor-icon-list-item\">\n\t\t\t\t\t\t\t\t\t\t\t<span class=\"elementor-icon-list-icon\">\n\t\t\t\t\t\t\t<svg xmlns=\"http:\/\/www.w3.org\/2000\/svg\" data-name=\"Layer 1\" viewbox=\"0 0 12 12\"><defs><style>.cls-1{fill:#ad9779;}.cls-2{fill:none;stroke:#ad9779;opacity:0.4;isolation:isolate;}<\/style><\/defs><rect class=\"cls-1\" x=\"3.5\" y=\"3.5\" width=\"5\" height=\"5\"><\/rect><rect class=\"cls-2\" x=\"0.5\" y=\"0.5\" width=\"11\" height=\"11\"><\/rect><\/svg>\t\t\t\t\t\t<\/span>\n\t\t\t\t\t\t\t\t\t\t<span class=\"elementor-icon-list-text\">Energies &amp; ressources naturelles<\/span>\n\t\t\t\t\t\t\t\t\t<\/li>\n\t\t\t\t\t\t\t\t<li class=\"elementor-icon-list-item\">\n\t\t\t\t\t\t\t\t\t\t\t<span class=\"elementor-icon-list-icon\">\n\t\t\t\t\t\t\t<svg xmlns=\"http:\/\/www.w3.org\/2000\/svg\" data-name=\"Layer 1\" viewbox=\"0 0 12 12\"><defs><style>.cls-1{fill:#ad9779;}.cls-2{fill:none;stroke:#ad9779;opacity:0.4;isolation:isolate;}<\/style><\/defs><rect class=\"cls-1\" x=\"3.5\" y=\"3.5\" width=\"5\" height=\"5\"><\/rect><rect class=\"cls-2\" x=\"0.5\" y=\"0.5\" width=\"11\" height=\"11\"><\/rect><\/svg>\t\t\t\t\t\t<\/span>\n\t\t\t\t\t\t\t\t\t\t<span class=\"elementor-icon-list-text\">Droit foncier &amp; Transactions immobili\u00e8res<\/span>\n\t\t\t\t\t\t\t\t\t<\/li>\n\t\t\t\t\t\t\t\t<li class=\"elementor-icon-list-item\">\n\t\t\t\t\t\t\t\t\t\t\t<span class=\"elementor-icon-list-icon\">\n\t\t\t\t\t\t\t<svg xmlns=\"http:\/\/www.w3.org\/2000\/svg\" data-name=\"Layer 1\" viewbox=\"0 0 12 12\"><defs><style>.cls-1{fill:#ad9779;}.cls-2{fill:none;stroke:#ad9779;opacity:0.4;isolation:isolate;}<\/style><\/defs><rect class=\"cls-1\" x=\"3.5\" y=\"3.5\" width=\"5\" height=\"5\"><\/rect><rect class=\"cls-2\" x=\"0.5\" y=\"0.5\" width=\"11\" height=\"11\"><\/rect><\/svg>\t\t\t\t\t\t<\/span>\n\t\t\t\t\t\t\t\t\t\t<span class=\"elementor-icon-list-text\">Environnement<\/span>\n\t\t\t\t\t\t\t\t\t<\/li>\n\t\t\t\t\t\t<\/ul>\n\t\t\t\t\t\t<\/div>\n\t\t\t\t<\/div>\n\t\t                    <\/div>\r\n        <\/div>\r\n                <div class=\"elementor-column elementor-col-50 elementor-inner-column elementor-element elementor-element-1ab94c8 pxl-column-element-default\" data-id=\"1ab94c8\" data-element_type=\"column\">\r\n        <div class=\"elementor-widget-wrap elementor-element-populated\">\r\n                    \t\t<div class=\"elementor-element elementor-element-661d204 pxl-heading-layout-1 elementor-widget elementor-widget-pxl_heading\" data-id=\"661d204\" data-element_type=\"widget\" data-widget_type=\"pxl_heading.default\">\n\t\t\t\t<div class=\"elementor-widget-container\">\n\t\t\t\t\t<div class=\"pxl-heading-wrap d-flex layout1\">\n    <div class=\"pxl-heading-inner\">\n        \n        <h3 class=\"heading-title\">\n            <span >\n                Domaines d\u2019intervention            <\/span>\n                    <\/h3>\n\n            <\/div>\n<\/div>\n\n\t\t\t\t<\/div>\n\t\t\t\t<\/div>\n\t\t\t\t<div class=\"elementor-element elementor-element-b34538c elementor-icon-list--layout-traditional elementor-list-item-link-full_width elementor-widget elementor-widget-icon-list\" data-id=\"b34538c\" data-element_type=\"widget\" data-widget_type=\"icon-list.default\">\n\t\t\t\t<div class=\"elementor-widget-container\">\n\t\t\t\t\t\t\t<ul class=\"elementor-icon-list-items\">\n\t\t\t\t\t\t\t<li class=\"elementor-icon-list-item\">\n\t\t\t\t\t\t\t\t\t\t\t<span class=\"elementor-icon-list-icon\">\n\t\t\t\t\t\t\t<svg xmlns=\"http:\/\/www.w3.org\/2000\/svg\" data-name=\"Layer 1\" viewbox=\"0 0 12 12\"><defs><style>.cls-1{fill:#ad9779;}.cls-2{fill:none;stroke:#ad9779;opacity:0.4;isolation:isolate;}<\/style><\/defs><rect class=\"cls-1\" x=\"3.5\" y=\"3.5\" width=\"5\" height=\"5\"><\/rect><rect class=\"cls-2\" x=\"0.5\" y=\"0.5\" width=\"11\" height=\"11\"><\/rect><\/svg>\t\t\t\t\t\t<\/span>\n\t\t\t\t\t\t\t\t\t\t<span class=\"elementor-icon-list-text\">Droits des soci\u00e9t\u00e9s<\/span>\n\t\t\t\t\t\t\t\t\t<\/li>\n\t\t\t\t\t\t\t\t<li class=\"elementor-icon-list-item\">\n\t\t\t\t\t\t\t\t\t\t\t<span class=\"elementor-icon-list-icon\">\n\t\t\t\t\t\t\t<svg xmlns=\"http:\/\/www.w3.org\/2000\/svg\" data-name=\"Layer 1\" viewbox=\"0 0 12 12\"><defs><style>.cls-1{fill:#ad9779;}.cls-2{fill:none;stroke:#ad9779;opacity:0.4;isolation:isolate;}<\/style><\/defs><rect class=\"cls-1\" x=\"3.5\" y=\"3.5\" width=\"5\" height=\"5\"><\/rect><rect class=\"cls-2\" x=\"0.5\" y=\"0.5\" width=\"11\" height=\"11\"><\/rect><\/svg>\t\t\t\t\t\t<\/span>\n\t\t\t\t\t\t\t\t\t\t<span class=\"elementor-icon-list-text\">Droit maritime et droits connexes <\/span>\n\t\t\t\t\t\t\t\t\t<\/li>\n\t\t\t\t\t\t\t\t<li class=\"elementor-icon-list-item\">\n\t\t\t\t\t\t\t\t\t\t\t<span class=\"elementor-icon-list-icon\">\n\t\t\t\t\t\t\t<svg xmlns=\"http:\/\/www.w3.org\/2000\/svg\" data-name=\"Layer 1\" viewbox=\"0 0 12 12\"><defs><style>.cls-1{fill:#ad9779;}.cls-2{fill:none;stroke:#ad9779;opacity:0.4;isolation:isolate;}<\/style><\/defs><rect class=\"cls-1\" x=\"3.5\" y=\"3.5\" width=\"5\" height=\"5\"><\/rect><rect class=\"cls-2\" x=\"0.5\" y=\"0.5\" width=\"11\" height=\"11\"><\/rect><\/svg>\t\t\t\t\t\t<\/span>\n\t\t\t\t\t\t\t\t\t\t<span class=\"elementor-icon-list-text\">Droit de l\u2019environnement <\/span>\n\t\t\t\t\t\t\t\t\t<\/li>\n\t\t\t\t\t\t\t\t<li class=\"elementor-icon-list-item\">\n\t\t\t\t\t\t\t\t\t\t\t<span class=\"elementor-icon-list-icon\">\n\t\t\t\t\t\t\t<svg xmlns=\"http:\/\/www.w3.org\/2000\/svg\" data-name=\"Layer 1\" viewbox=\"0 0 12 12\"><defs><style>.cls-1{fill:#ad9779;}.cls-2{fill:none;stroke:#ad9779;opacity:0.4;isolation:isolate;}<\/style><\/defs><rect class=\"cls-1\" x=\"3.5\" y=\"3.5\" width=\"5\" height=\"5\"><\/rect><rect class=\"cls-2\" x=\"0.5\" y=\"0.5\" width=\"11\" height=\"11\"><\/rect><\/svg>\t\t\t\t\t\t<\/span>\n\t\t\t\t\t\t\t\t\t\t<span class=\"elementor-icon-list-text\">Droit social<\/span>\n\t\t\t\t\t\t\t\t\t<\/li>\n\t\t\t\t\t\t\t\t<li class=\"elementor-icon-list-item\">\n\t\t\t\t\t\t\t\t\t\t\t<span class=\"elementor-icon-list-icon\">\n\t\t\t\t\t\t\t<svg xmlns=\"http:\/\/www.w3.org\/2000\/svg\" data-name=\"Layer 1\" viewbox=\"0 0 12 12\"><defs><style>.cls-1{fill:#ad9779;}.cls-2{fill:none;stroke:#ad9779;opacity:0.4;isolation:isolate;}<\/style><\/defs><rect class=\"cls-1\" x=\"3.5\" y=\"3.5\" width=\"5\" height=\"5\"><\/rect><rect class=\"cls-2\" x=\"0.5\" y=\"0.5\" width=\"11\" height=\"11\"><\/rect><\/svg>\t\t\t\t\t\t<\/span>\n\t\t\t\t\t\t\t\t\t\t<span class=\"elementor-icon-list-text\">Transport<\/span>\n\t\t\t\t\t\t\t\t\t<\/li>\n\t\t\t\t\t\t\t\t<li class=\"elementor-icon-list-item\">\n\t\t\t\t\t\t\t\t\t\t\t<span class=\"elementor-icon-list-icon\">\n\t\t\t\t\t\t\t<svg xmlns=\"http:\/\/www.w3.org\/2000\/svg\" data-name=\"Layer 1\" viewbox=\"0 0 12 12\"><defs><style>.cls-1{fill:#ad9779;}.cls-2{fill:none;stroke:#ad9779;opacity:0.4;isolation:isolate;}<\/style><\/defs><rect class=\"cls-1\" x=\"3.5\" y=\"3.5\" width=\"5\" height=\"5\"><\/rect><rect class=\"cls-2\" x=\"0.5\" y=\"0.5\" width=\"11\" height=\"11\"><\/rect><\/svg>\t\t\t\t\t\t<\/span>\n\t\t\t\t\t\t\t\t\t\t<span class=\"elementor-icon-list-text\">Droit commercial<\/span>\n\t\t\t\t\t\t\t\t\t<\/li>\n\t\t\t\t\t\t\t\t<li class=\"elementor-icon-list-item\">\n\t\t\t\t\t\t\t\t\t\t\t<span class=\"elementor-icon-list-icon\">\n\t\t\t\t\t\t\t<svg xmlns=\"http:\/\/www.w3.org\/2000\/svg\" data-name=\"Layer 1\" viewbox=\"0 0 12 12\"><defs><style>.cls-1{fill:#ad9779;}.cls-2{fill:none;stroke:#ad9779;opacity:0.4;isolation:isolate;}<\/style><\/defs><rect class=\"cls-1\" x=\"3.5\" y=\"3.5\" width=\"5\" height=\"5\"><\/rect><rect class=\"cls-2\" x=\"0.5\" y=\"0.5\" width=\"11\" height=\"11\"><\/rect><\/svg>\t\t\t\t\t\t<\/span>\n\t\t\t\t\t\t\t\t\t\t<span class=\"elementor-icon-list-text\">Contentieux &amp; Arbitrage<\/span>\n\t\t\t\t\t\t\t\t\t<\/li>\n\t\t\t\t\t\t\t\t<li class=\"elementor-icon-list-item\">\n\t\t\t\t\t\t\t\t\t\t\t<span class=\"elementor-icon-list-icon\">\n\t\t\t\t\t\t\t<svg xmlns=\"http:\/\/www.w3.org\/2000\/svg\" data-name=\"Layer 1\" viewbox=\"0 0 12 12\"><defs><style>.cls-1{fill:#ad9779;}.cls-2{fill:none;stroke:#ad9779;opacity:0.4;isolation:isolate;}<\/style><\/defs><rect class=\"cls-1\" x=\"3.5\" y=\"3.5\" width=\"5\" height=\"5\"><\/rect><rect class=\"cls-2\" x=\"0.5\" y=\"0.5\" width=\"11\" height=\"11\"><\/rect><\/svg>\t\t\t\t\t\t<\/span>\n\t\t\t\t\t\t\t\t\t\t<span class=\"elementor-icon-list-text\">Proc\u00e9dures collectives<\/span>\n\t\t\t\t\t\t\t\t\t<\/li>\n\t\t\t\t\t\t<\/ul>\n\t\t\t\t\t\t<\/div>\n\t\t\t\t<\/div>\n\t\t                    <\/div>\r\n        <\/div>\r\n        \t\t\t<\/div>\n\t\t<\/section>\n\t\t        <section class=\"elementor-section elementor-inner-section elementor-element elementor-element-818b3b6 elementor-hidden-desktop elementor-hidden-laptop elementor-hidden-tablet_extra elementor-hidden-tablet elementor-hidden-mobile_extra elementor-hidden-mobile elementor-section-boxed elementor-section-height-default elementor-section-height-default pxl-shape-divider-none\" data-id=\"818b3b6\" data-element_type=\"section\">\n\n                \n                <div class=\"elementor-container elementor-column-gap-no\">\n                <div class=\"elementor-column elementor-col-50 elementor-inner-column elementor-element elementor-element-72819be pxl-column-element-default\" data-id=\"72819be\" data-element_type=\"column\">\r\n        <div class=\"elementor-widget-wrap elementor-element-populated\">\r\n                    \t\t<div class=\"elementor-element elementor-element-1827ffe pxl-heading-layout-1 elementor-widget elementor-widget-pxl_heading\" data-id=\"1827ffe\" data-element_type=\"widget\" data-widget_type=\"pxl_heading.default\">\n\t\t\t\t<div class=\"elementor-widget-container\">\n\t\t\t\t\t<div class=\"pxl-heading-wrap d-flex layout1\">\n    <div class=\"pxl-heading-inner\">\n        \n        <h3 class=\"heading-title\">\n            <span >\n                FORMATION            <\/span>\n                    <\/h3>\n\n            <\/div>\n<\/div>\n\n\t\t\t\t<\/div>\n\t\t\t\t<\/div>\n\t\t\t\t<div class=\"elementor-element elementor-element-d0da875 mobile-inline elementor-vertical-align-top elementor-widget elementor-widget-icon-box\" data-id=\"d0da875\" data-element_type=\"widget\" data-widget_type=\"icon-box.default\">\n\t\t\t\t<div class=\"elementor-widget-container\">\n\t\t\t\t\t\t\t<div class=\"elementor-icon-box-wrapper\">\n\n\t\t\t\n\t\t\t\t\t\t<div class=\"elementor-icon-box-content\">\n\n\t\t\t\t\t\t\t\t\t<h3 class=\"elementor-icon-box-title\">\n\t\t\t\t\t\t<a href=\"tel:26506030553\" target=\"_blank\" rel=\"nofollow\" >\n\t\t\t\t\t\t\tUniversit\u00e9\t\t\t\t\t\t<\/a>\n\t\t\t\t\t<\/h3>\n\t\t\t\t\n\t\t\t\t\t\t\t\t\t<p class=\"elementor-icon-box-description\">\n\t\t\t\t\t\tAdmission \u00e0 l\u2019ENAM : R\u00e9publique du Congo - 2025<br\/><br\/>Licence en Droit des Affaires \u00e0 la Facult\u00e9 de Droit de l\u2019Universit\u00e9 Marien NGOUABI (Congo Brazzaville).<br\/><br\/>\nMaster 2 en Droit et S\u00e9curit\u00e9 des Activit\u00e9s Maritimes et Oc\u00e9aniques \u00e0 la Facult\u00e9 de Droit de Nantes Universit\u00e9 \t\t\t\t\t<\/p>\n\t\t\t\t\n\t\t\t<\/div>\n\t\t\t\n\t\t<\/div>\n\t\t\t\t\t\t<\/div>\n\t\t\t\t<\/div>\n\t\t                    <\/div>\r\n        <\/div>\r\n                <div class=\"elementor-column elementor-col-50 elementor-inner-column elementor-element elementor-element-cd40dfb pxl-column-element-default\" data-id=\"cd40dfb\" data-element_type=\"column\">\r\n        <div class=\"elementor-widget-wrap\">\r\n                                        <\/div>\r\n        <\/div>\r\n        \t\t\t<\/div>\n\t\t<\/section>\n\t\t                    <\/div>\r\n        <\/div>\r\n        \t\t\t<\/div>\n\t\t<\/section>\n\t\t\t\t<\/div>","protected":false},"excerpt":{"rendered":"<p>Gide Frangely BOUKAKA BOKA Languages : French, Lingala Gide Frangely BOUKAKA BOKA Office Manager Gide is the office manager at Cabinet Gomes. He is responsible for the coordination of office activities and relations with clients and partners. In carrying out his role, he ensures that everything runs smoothly within the firm, by ensuring optimal work [&hellip;]<\/p>","protected":false},"author":1,"featured_media":0,"parent":3893,"menu_order":0,"comment_status":"closed","ping_status":"closed","template":"","meta":{"footnotes":""},"class_list":["post-14635","page","type-page","status-publish","hentry"],"_links":{"self":[{"href":"https:\/\/gomeslawyers.com\/fr\/wp-json\/wp\/v2\/pages\/14635","targetHints":{"allow":["GET"]}}],"collection":[{"href":"https:\/\/gomeslawyers.com\/fr\/wp-json\/wp\/v2\/pages"}],"about":[{"href":"https:\/\/gomeslawyers.com\/fr\/wp-json\/wp\/v2\/types\/page"}],"author":[{"embeddable":true,"href":"https:\/\/gomeslawyers.com\/fr\/wp-json\/wp\/v2\/users\/1"}],"replies":[{"embeddable":true,"href":"https:\/\/gomeslawyers.com\/fr\/wp-json\/wp\/v2\/comments?post=14635"}],"version-history":[{"count":22,"href":"https:\/\/gomeslawyers.com\/fr\/wp-json\/wp\/v2\/pages\/14635\/revisions"}],"predecessor-version":[{"id":14657,"href":"https:\/\/gomeslawyers.com\/fr\/wp-json\/wp\/v2\/pages\/14635\/revisions\/14657"}],"up":[{"embeddable":true,"href":"https:\/\/gomeslawyers.com\/fr\/wp-json\/wp\/v2\/pages\/3893"}],"wp:attachment":[{"href":"https:\/\/gomeslawyers.com\/fr\/wp-json\/wp\/v2\/media?parent=14635"}],"curies":[{"name":"wp","href":"https:\/\/api.w.org\/{rel}","templated":true}]}}