{"id":11002,"date":"2024-04-15T16:35:45","date_gmt":"2024-04-15T14:35:45","guid":{"rendered":"https:\/\/gomeslawyers.com\/?page_id=11002"},"modified":"2025-04-22T18:37:23","modified_gmt":"2025-04-22T16:37:23","slug":"victoire-bitouala","status":"publish","type":"page","link":"https:\/\/gomeslawyers.com\/fr\/our-team\/victoire-bitouala\/","title":{"rendered":"Victoire BITOUALA"},"content":{"rendered":"<div data-elementor-type=\"wp-page\" data-elementor-id=\"11002\" class=\"elementor elementor-11002\" data-elementor-post-type=\"page\">\n\t\t\t\t        <section class=\"elementor-section elementor-top-section elementor-element elementor-element-400258d elementor-section-boxed elementor-section-height-default elementor-section-height-default pxl-shape-divider-none\" data-id=\"400258d\" data-element_type=\"section\" data-settings=\"{&quot;background_background&quot;:&quot;classic&quot;}\">\n\n                            <div class=\"elementor-background-overlay\"><\/div>\n            \n                <div class=\"elementor-container elementor-column-gap-default\">\n                <div class=\"elementor-column elementor-col-100 elementor-top-column elementor-element elementor-element-c13e845 pxl-column-element-default\" data-id=\"c13e845\" data-element_type=\"column\">\r\n        <div class=\"elementor-widget-wrap elementor-element-populated\">\r\n                    \t\t<div class=\"elementor-element elementor-element-a37d134 pxl-heading-layout-1 elementor-widget elementor-widget-pxl_heading\" data-id=\"a37d134\" data-element_type=\"widget\" data-widget_type=\"pxl_heading.default\">\n\t\t\t\t<div class=\"elementor-widget-container\">\n\t\t\t\t\t<div class=\"pxl-heading-wrap d-flex layout1\">\n    <div class=\"pxl-heading-inner\">\n        \n        <h2 class=\"heading-title\">\n            <span >\n                Victoire BITOUALA MIEKOUNTIMA            <\/span>\n                    <\/h2>\n\n            <\/div>\n<\/div>\n\n\t\t\t\t<\/div>\n\t\t\t\t<\/div>\n\t\t                    <\/div>\r\n        <\/div>\r\n        \t\t\t<\/div>\n\t\t<\/section>\n\t\t        <section class=\"elementor-section elementor-top-section elementor-element elementor-element-8d66fc8 elementor-reverse-tablet elementor-reverse-mobile_extra elementor-reverse-mobile elementor-section-boxed elementor-section-height-default elementor-section-height-default pxl-shape-divider-none\" data-id=\"8d66fc8\" data-element_type=\"section\">\n\n                \n                <div class=\"elementor-container elementor-column-gap-default\">\n                <div class=\"elementor-column elementor-col-50 elementor-top-column elementor-element elementor-element-7655d20 pxl-column-element-default\" data-id=\"7655d20\" data-element_type=\"column\">\r\n        <div class=\"elementor-widget-wrap elementor-element-populated\">\r\n                    \t\t<div class=\"elementor-element elementor-element-1782c3b flash-hover elementor-widget elementor-widget-image\" data-id=\"1782c3b\" data-element_type=\"widget\" data-widget_type=\"image.default\">\n\t\t\t\t<div class=\"elementor-widget-container\">\n\t\t\t\t\t\t\t\t\t\t\t\t\t\t\t<img fetchpriority=\"high\" decoding=\"async\" width=\"467\" height=\"534\" src=\"https:\/\/gomeslawyers.com\/wp-content\/uploads\/2025\/02\/Victoire-BITOUALA.jpg\" class=\"attachment-full size-full wp-image-14397\" alt=\"\" srcset=\"https:\/\/gomeslawyers.com\/wp-content\/uploads\/2025\/02\/Victoire-BITOUALA.jpg 467w, https:\/\/gomeslawyers.com\/wp-content\/uploads\/2025\/02\/Victoire-BITOUALA-262x300.jpg 262w, https:\/\/gomeslawyers.com\/wp-content\/uploads\/2025\/02\/Victoire-BITOUALA-10x12.jpg 10w\" sizes=\"(max-width: 467px) 100vw, 467px\" \/>\t\t\t\t\t\t\t\t\t\t\t\t\t\t\t<\/div>\n\t\t\t\t<\/div>\n\t\t        <section class=\"elementor-section elementor-inner-section elementor-element elementor-element-1d45101 elementor-section-boxed elementor-section-height-default elementor-section-height-default pxl-shape-divider-none\" data-id=\"1d45101\" data-element_type=\"section\" data-settings=\"{&quot;background_background&quot;:&quot;classic&quot;}\">\n\n                            <div class=\"elementor-background-overlay\"><\/div>\n            \n                <div class=\"elementor-container elementor-column-gap-no\">\n                <div class=\"elementor-column elementor-col-100 elementor-inner-column elementor-element elementor-element-d9b538d pxl-column-element-default\" data-id=\"d9b538d\" data-element_type=\"column\">\r\n        <div class=\"elementor-widget-wrap elementor-element-populated\">\r\n                    \t\t<div class=\"elementor-element elementor-element-97a2cac mobile-inline elementor-vertical-align-top elementor-widget elementor-widget-icon-box\" data-id=\"97a2cac\" data-element_type=\"widget\" data-widget_type=\"icon-box.default\">\n\t\t\t\t<div class=\"elementor-widget-container\">\n\t\t\t\t\t\t\t<div class=\"elementor-icon-box-wrapper\">\n\n\t\t\t\n\t\t\t\t\t\t<div class=\"elementor-icon-box-content\">\n\n\t\t\t\t\t\t\t\t\t<h3 class=\"elementor-icon-box-title\">\n\t\t\t\t\t\t<a href=\"mailto:contact@example.com\" >\n\t\t\t\t\t\t\tLangues :\t\t\t\t\t\t<\/a>\n\t\t\t\t\t<\/h3>\n\t\t\t\t\n\t\t\t\t\t\t\t\t\t<p class=\"elementor-icon-box-description\">\n\t\t\t\t\t\tLingala, fran\u00e7ais, kituba\t\t\t\t\t<\/p>\n\t\t\t\t\n\t\t\t<\/div>\n\t\t\t\n\t\t<\/div>\n\t\t\t\t\t\t<\/div>\n\t\t\t\t<\/div>\n\t\t                    <\/div>\r\n        <\/div>\r\n        \t\t\t<\/div>\n\t\t<\/section>\n\t\t                    <\/div>\r\n        <\/div>\r\n                <div class=\"elementor-column elementor-col-50 elementor-top-column elementor-element elementor-element-e3f1f95 pxl-column-element-default\" data-id=\"e3f1f95\" data-element_type=\"column\">\r\n        <div class=\"elementor-widget-wrap elementor-element-populated\">\r\n                            <section class=\"elementor-section elementor-inner-section elementor-element elementor-element-d8009d3 elementor-section-boxed elementor-section-height-default elementor-section-height-default pxl-shape-divider-none\" data-id=\"d8009d3\" data-element_type=\"section\">\n\n                \n                <div class=\"elementor-container elementor-column-gap-no\">\n                <div class=\"elementor-column elementor-col-100 elementor-inner-column elementor-element elementor-element-a71253b pxl-column-element-default\" data-id=\"a71253b\" data-element_type=\"column\">\r\n        <div class=\"elementor-widget-wrap elementor-element-populated\">\r\n                    \t\t<div class=\"elementor-element elementor-element-c6e9824 pxl-heading-layout-1 elementor-widget elementor-widget-pxl_heading\" data-id=\"c6e9824\" data-element_type=\"widget\" data-widget_type=\"pxl_heading.default\">\n\t\t\t\t<div class=\"elementor-widget-container\">\n\t\t\t\t\t<div class=\"pxl-heading-wrap d-flex layout1\">\n    <div class=\"pxl-heading-inner\">\n        \n        <h3 class=\"heading-title pxl-animate pxl-invisible animated-normal\" data-settings=\"{&quot;animation&quot;:&quot;fadeInUp&quot;,&quot;animation_delay&quot;:200}\">\n            <span >\n                Victoire BITOUALA MIEKOUNTIMA            <\/span>\n                    <\/h3>\n\n                    <div class=\"heading-subtitle line-on\">\n                <span>Juriste, El\u00e8ve Avocate<\/span>\n            <\/div>\n            <\/div>\n<\/div>\n\n\t\t\t\t<\/div>\n\t\t\t\t<\/div>\n\t\t\t\t<div class=\"elementor-element elementor-element-3c13535 elementor-widget elementor-widget-pxl_text_editor\" data-id=\"3c13535\" data-element_type=\"widget\" data-widget_type=\"pxl_text_editor.default\">\n\t\t\t\t<div class=\"elementor-widget-container\">\n\t\t\t\t\t<div id=\"pxl_text_editor-3c13535-3390\" class=\"pxl-text-editor-wrap d-flex\" >\n\t<div class=\"pxl-text-editor elementor-clearfix\">\n        Victoire est \u00e9l\u00e8ve avocat au sein du Cabinet Gomes et suis sa formation \u00e0 l\u2019Ecole Normale D\u2019Administration et de Magistrature en R\u00e9publique du Congo. Sa pratique porte sur le droit du travail, droit civil, droit des contrats et droit commercial OHADA en mati\u00e8re de contentieux.<br\/><br\/>\nGrace Victoire est titulaire d'une ma\u00eetrise en droit priv\u00e9. Dans l'exercice de ses fonctions, elle apprend et participe activement \u00e0 la r\u00e9daction des documents judiciaires et assure le suivi des dossiers et des proc\u00e9dures aupr\u00e8s des diff\u00e9rentes juridictions.\t<\/div>\n<\/div>\t\t\t\t<\/div>\n\t\t\t\t<\/div>\n\t\t                    <\/div>\r\n        <\/div>\r\n        \t\t\t<\/div>\n\t\t<\/section>\n\t\t        <section class=\"elementor-section elementor-inner-section elementor-element elementor-element-18807fb elementor-section-boxed elementor-section-height-default elementor-section-height-default pxl-shape-divider-none\" data-id=\"18807fb\" data-element_type=\"section\">\n\n                \n                <div class=\"elementor-container elementor-column-gap-no\">\n                <div class=\"elementor-column elementor-col-50 elementor-inner-column elementor-element elementor-element-5c526a9 pxl-column-element-default\" data-id=\"5c526a9\" data-element_type=\"column\">\r\n        <div class=\"elementor-widget-wrap elementor-element-populated\">\r\n                    \t\t<div class=\"elementor-element elementor-element-8a9c012 pxl-heading-layout-1 elementor-widget elementor-widget-pxl_heading\" data-id=\"8a9c012\" data-element_type=\"widget\" data-widget_type=\"pxl_heading.default\">\n\t\t\t\t<div class=\"elementor-widget-container\">\n\t\t\t\t\t<div class=\"pxl-heading-wrap d-flex layout1\">\n    <div class=\"pxl-heading-inner\">\n        \n        <h3 class=\"heading-title\">\n            <span >\n                Domaines d\u2019intervention            <\/span>\n                    <\/h3>\n\n            <\/div>\n<\/div>\n\n\t\t\t\t<\/div>\n\t\t\t\t<\/div>\n\t\t\t\t<div class=\"elementor-element elementor-element-3fdac6e elementor-icon-list--layout-traditional elementor-list-item-link-full_width elementor-widget elementor-widget-icon-list\" data-id=\"3fdac6e\" data-element_type=\"widget\" data-widget_type=\"icon-list.default\">\n\t\t\t\t<div class=\"elementor-widget-container\">\n\t\t\t\t\t\t\t<ul class=\"elementor-icon-list-items\">\n\t\t\t\t\t\t\t<li class=\"elementor-icon-list-item\">\n\t\t\t\t\t\t\t\t\t\t\t<span class=\"elementor-icon-list-icon\">\n\t\t\t\t\t\t\t<svg xmlns=\"http:\/\/www.w3.org\/2000\/svg\" data-name=\"Layer 1\" viewbox=\"0 0 12 12\"><defs><style>.cls-1{fill:#ad9779;}.cls-2{fill:none;stroke:#ad9779;opacity:0.4;isolation:isolate;}<\/style><\/defs><rect class=\"cls-1\" x=\"3.5\" y=\"3.5\" width=\"5\" height=\"5\"><\/rect><rect class=\"cls-2\" x=\"0.5\" y=\"0.5\" width=\"11\" height=\"11\"><\/rect><\/svg>\t\t\t\t\t\t<\/span>\n\t\t\t\t\t\t\t\t\t\t<span class=\"elementor-icon-list-text\">Droit commercial<\/span>\n\t\t\t\t\t\t\t\t\t<\/li>\n\t\t\t\t\t\t\t\t<li class=\"elementor-icon-list-item\">\n\t\t\t\t\t\t\t\t\t\t\t<span class=\"elementor-icon-list-icon\">\n\t\t\t\t\t\t\t<svg xmlns=\"http:\/\/www.w3.org\/2000\/svg\" data-name=\"Layer 1\" viewbox=\"0 0 12 12\"><defs><style>.cls-1{fill:#ad9779;}.cls-2{fill:none;stroke:#ad9779;opacity:0.4;isolation:isolate;}<\/style><\/defs><rect class=\"cls-1\" x=\"3.5\" y=\"3.5\" width=\"5\" height=\"5\"><\/rect><rect class=\"cls-2\" x=\"0.5\" y=\"0.5\" width=\"11\" height=\"11\"><\/rect><\/svg>\t\t\t\t\t\t<\/span>\n\t\t\t\t\t\t\t\t\t\t<span class=\"elementor-icon-list-text\">Agreement et renouvellement aux hydrocarbures<\/span>\n\t\t\t\t\t\t\t\t\t<\/li>\n\t\t\t\t\t\t\t\t<li class=\"elementor-icon-list-item\">\n\t\t\t\t\t\t\t\t\t\t\t<span class=\"elementor-icon-list-icon\">\n\t\t\t\t\t\t\t<svg xmlns=\"http:\/\/www.w3.org\/2000\/svg\" data-name=\"Layer 1\" viewbox=\"0 0 12 12\"><defs><style>.cls-1{fill:#ad9779;}.cls-2{fill:none;stroke:#ad9779;opacity:0.4;isolation:isolate;}<\/style><\/defs><rect class=\"cls-1\" x=\"3.5\" y=\"3.5\" width=\"5\" height=\"5\"><\/rect><rect class=\"cls-2\" x=\"0.5\" y=\"0.5\" width=\"11\" height=\"11\"><\/rect><\/svg>\t\t\t\t\t\t<\/span>\n\t\t\t\t\t\t\t\t\t\t<span class=\"elementor-icon-list-text\">Agreement et renouvellement \u00e0 la marine marchand<\/span>\n\t\t\t\t\t\t\t\t\t<\/li>\n\t\t\t\t\t\t<\/ul>\n\t\t\t\t\t\t<\/div>\n\t\t\t\t<\/div>\n\t\t                    <\/div>\r\n        <\/div>\r\n                <div class=\"elementor-column elementor-col-50 elementor-inner-column elementor-element elementor-element-b4188c2 pxl-column-element-default\" data-id=\"b4188c2\" data-element_type=\"column\">\r\n        <div class=\"elementor-widget-wrap elementor-element-populated\">\r\n                    \t\t<div class=\"elementor-element elementor-element-205a553 elementor-widget elementor-widget-spacer\" data-id=\"205a553\" data-element_type=\"widget\" data-widget_type=\"spacer.default\">\n\t\t\t\t<div class=\"elementor-widget-container\">\n\t\t\t\t\t\t\t<div class=\"elementor-spacer\">\n\t\t\t<div class=\"elementor-spacer-inner\"><\/div>\n\t\t<\/div>\n\t\t\t\t\t\t<\/div>\n\t\t\t\t<\/div>\n\t\t\t\t<div class=\"elementor-element elementor-element-2547f32 elementor-icon-list--layout-traditional elementor-list-item-link-full_width elementor-widget elementor-widget-icon-list\" data-id=\"2547f32\" data-element_type=\"widget\" data-widget_type=\"icon-list.default\">\n\t\t\t\t<div class=\"elementor-widget-container\">\n\t\t\t\t\t\t\t<ul class=\"elementor-icon-list-items\">\n\t\t\t\t\t\t\t<li class=\"elementor-icon-list-item\">\n\t\t\t\t\t\t\t\t\t\t\t<span class=\"elementor-icon-list-icon\">\n\t\t\t\t\t\t\t<svg xmlns=\"http:\/\/www.w3.org\/2000\/svg\" data-name=\"Layer 1\" viewbox=\"0 0 12 12\"><defs><style>.cls-1{fill:#ad9779;}.cls-2{fill:none;stroke:#ad9779;opacity:0.4;isolation:isolate;}<\/style><\/defs><rect class=\"cls-1\" x=\"3.5\" y=\"3.5\" width=\"5\" height=\"5\"><\/rect><rect class=\"cls-2\" x=\"0.5\" y=\"0.5\" width=\"11\" height=\"11\"><\/rect><\/svg>\t\t\t\t\t\t<\/span>\n\t\t\t\t\t\t\t\t\t\t<span class=\"elementor-icon-list-text\">Droit Social<\/span>\n\t\t\t\t\t\t\t\t\t<\/li>\n\t\t\t\t\t\t\t\t<li class=\"elementor-icon-list-item\">\n\t\t\t\t\t\t\t\t\t\t\t<span class=\"elementor-icon-list-icon\">\n\t\t\t\t\t\t\t<svg xmlns=\"http:\/\/www.w3.org\/2000\/svg\" data-name=\"Layer 1\" viewbox=\"0 0 12 12\"><defs><style>.cls-1{fill:#ad9779;}.cls-2{fill:none;stroke:#ad9779;opacity:0.4;isolation:isolate;}<\/style><\/defs><rect class=\"cls-1\" x=\"3.5\" y=\"3.5\" width=\"5\" height=\"5\"><\/rect><rect class=\"cls-2\" x=\"0.5\" y=\"0.5\" width=\"11\" height=\"11\"><\/rect><\/svg>\t\t\t\t\t\t<\/span>\n\t\t\t\t\t\t\t\t\t\t<span class=\"elementor-icon-list-text\">Droit civil<\/span>\n\t\t\t\t\t\t\t\t\t<\/li>\n\t\t\t\t\t\t<\/ul>\n\t\t\t\t\t\t<\/div>\n\t\t\t\t<\/div>\n\t\t                    <\/div>\r\n        <\/div>\r\n        \t\t\t<\/div>\n\t\t<\/section>\n\t\t        <section class=\"elementor-section elementor-inner-section elementor-element elementor-element-74680be elementor-section-boxed elementor-section-height-default elementor-section-height-default pxl-shape-divider-none\" data-id=\"74680be\" data-element_type=\"section\">\n\n                \n                <div class=\"elementor-container elementor-column-gap-no\">\n                <div class=\"elementor-column elementor-col-50 elementor-inner-column elementor-element elementor-element-999e53b pxl-column-element-default\" data-id=\"999e53b\" data-element_type=\"column\">\r\n        <div class=\"elementor-widget-wrap elementor-element-populated\">\r\n                    \t\t<div class=\"elementor-element elementor-element-1c4d0ee pxl-heading-layout-1 elementor-widget elementor-widget-pxl_heading\" data-id=\"1c4d0ee\" data-element_type=\"widget\" data-widget_type=\"pxl_heading.default\">\n\t\t\t\t<div class=\"elementor-widget-container\">\n\t\t\t\t\t<div class=\"pxl-heading-wrap d-flex layout1\">\n    <div class=\"pxl-heading-inner\">\n        \n        <h3 class=\"heading-title\">\n            <span >\n                FORMATION            <\/span>\n                    <\/h3>\n\n            <\/div>\n<\/div>\n\n\t\t\t\t<\/div>\n\t\t\t\t<\/div>\n\t\t\t\t<div class=\"elementor-element elementor-element-f549721 mobile-inline elementor-vertical-align-top elementor-widget elementor-widget-icon-box\" data-id=\"f549721\" data-element_type=\"widget\" data-widget_type=\"icon-box.default\">\n\t\t\t\t<div class=\"elementor-widget-container\">\n\t\t\t\t\t\t\t<div class=\"elementor-icon-box-wrapper\">\n\n\t\t\t\n\t\t\t\t\t\t<div class=\"elementor-icon-box-content\">\n\n\t\t\t\t\t\t\t\t\t<h3 class=\"elementor-icon-box-title\">\n\t\t\t\t\t\t<a href=\"tel:26506030553\" target=\"_blank\" rel=\"nofollow\" >\n\t\t\t\t\t\t\tUniversit\u00e9\t\t\t\t\t\t<\/a>\n\t\t\t\t\t<\/h3>\n\t\t\t\t\n\t\t\t\t\t\t\t\t\t<p class=\"elementor-icon-box-description\">\n\t\t\t\t\t\tMaster I en recherche fondamentale priv\u00e9e obtenu \u00e0 l\u2019Universit\u00e9 Marien NGOUABI (Congo Brazzaville) en 2018\t\t\t\t\t<\/p>\n\t\t\t\t\n\t\t\t<\/div>\n\t\t\t\n\t\t<\/div>\n\t\t\t\t\t\t<\/div>\n\t\t\t\t<\/div>\n\t\t                    <\/div>\r\n        <\/div>\r\n                <div class=\"elementor-column elementor-col-50 elementor-inner-column elementor-element elementor-element-bd033c8 pxl-column-element-default\" data-id=\"bd033c8\" data-element_type=\"column\">\r\n        <div class=\"elementor-widget-wrap\">\r\n                                        <\/div>\r\n        <\/div>\r\n        \t\t\t<\/div>\n\t\t<\/section>\n\t\t                    <\/div>\r\n        <\/div>\r\n        \t\t\t<\/div>\n\t\t<\/section>\n\t\t\t\t<\/div>","protected":false},"excerpt":{"rendered":"<p>Victoire BITOUALA MIEKOUNTIMA Languages : Lingala, French, Kituba Victoire BITOUALA MIEKOUNTIMA Lawyer, Trainee Lawyer Victoire is a trainee lawyer at Cabinet Gomes. Her practice focuses on labor law, civil law, contract law and OHADA commercial law in matters relating to litigation. Grace Victoire has a master\u2019s degree in private law. In the exercise of her [&hellip;]<\/p>","protected":false},"author":1,"featured_media":0,"parent":3893,"menu_order":0,"comment_status":"closed","ping_status":"closed","template":"","meta":{"footnotes":""},"class_list":["post-11002","page","type-page","status-publish","hentry"],"_links":{"self":[{"href":"https:\/\/gomeslawyers.com\/fr\/wp-json\/wp\/v2\/pages\/11002","targetHints":{"allow":["GET"]}}],"collection":[{"href":"https:\/\/gomeslawyers.com\/fr\/wp-json\/wp\/v2\/pages"}],"about":[{"href":"https:\/\/gomeslawyers.com\/fr\/wp-json\/wp\/v2\/types\/page"}],"author":[{"embeddable":true,"href":"https:\/\/gomeslawyers.com\/fr\/wp-json\/wp\/v2\/users\/1"}],"replies":[{"embeddable":true,"href":"https:\/\/gomeslawyers.com\/fr\/wp-json\/wp\/v2\/comments?post=11002"}],"version-history":[{"count":84,"href":"https:\/\/gomeslawyers.com\/fr\/wp-json\/wp\/v2\/pages\/11002\/revisions"}],"predecessor-version":[{"id":14778,"href":"https:\/\/gomeslawyers.com\/fr\/wp-json\/wp\/v2\/pages\/11002\/revisions\/14778"}],"up":[{"embeddable":true,"href":"https:\/\/gomeslawyers.com\/fr\/wp-json\/wp\/v2\/pages\/3893"}],"wp:attachment":[{"href":"https:\/\/gomeslawyers.com\/fr\/wp-json\/wp\/v2\/media?parent=11002"}],"curies":[{"name":"wp","href":"https:\/\/api.w.org\/{rel}","templated":true}]}}