{"id":11001,"date":"2024-04-15T16:35:01","date_gmt":"2024-04-15T14:35:01","guid":{"rendered":"https:\/\/gomeslawyers.com\/?page_id=11001"},"modified":"2024-08-07T17:03:42","modified_gmt":"2024-08-07T15:03:42","slug":"prince-kyssama-dikoulou","status":"publish","type":"page","link":"https:\/\/gomeslawyers.com\/fr\/our-team\/prince-kyssama-dikoulou\/","title":{"rendered":"Prince Kyssama DIKOULOU"},"content":{"rendered":"<div data-elementor-type=\"wp-page\" data-elementor-id=\"11001\" class=\"elementor elementor-11001\" data-elementor-post-type=\"page\">\n\t\t\t\t        <section class=\"elementor-section elementor-top-section elementor-element elementor-element-22d78b6 elementor-section-boxed elementor-section-height-default elementor-section-height-default pxl-shape-divider-none\" data-id=\"22d78b6\" data-element_type=\"section\" data-settings=\"{&quot;background_background&quot;:&quot;classic&quot;}\">\n\n                            <div class=\"elementor-background-overlay\"><\/div>\n            \n                <div class=\"elementor-container elementor-column-gap-default\">\n                <div class=\"elementor-column elementor-col-100 elementor-top-column elementor-element elementor-element-2244ab5 pxl-column-element-default\" data-id=\"2244ab5\" data-element_type=\"column\">\r\n        <div class=\"elementor-widget-wrap elementor-element-populated\">\r\n                    \t\t<div class=\"elementor-element elementor-element-70aa508 pxl-heading-layout-1 elementor-widget elementor-widget-pxl_heading\" data-id=\"70aa508\" data-element_type=\"widget\" data-widget_type=\"pxl_heading.default\">\n\t\t\t\t<div class=\"elementor-widget-container\">\n\t\t\t\t\t<div class=\"pxl-heading-wrap d-flex layout1\">\n    <div class=\"pxl-heading-inner\">\n        \n        <h2 class=\"heading-title\">\n            <span >\n                Prince KYSSAMA DIKOULOU            <\/span>\n                    <\/h2>\n\n            <\/div>\n<\/div>\n\n\t\t\t\t<\/div>\n\t\t\t\t<\/div>\n\t\t                    <\/div>\r\n        <\/div>\r\n        \t\t\t<\/div>\n\t\t<\/section>\n\t\t        <section class=\"elementor-section elementor-top-section elementor-element elementor-element-8d66fc8 elementor-reverse-tablet elementor-reverse-mobile_extra elementor-reverse-mobile elementor-section-boxed elementor-section-height-default elementor-section-height-default pxl-shape-divider-none\" data-id=\"8d66fc8\" data-element_type=\"section\">\n\n                \n                <div class=\"elementor-container elementor-column-gap-default\">\n                <div class=\"elementor-column elementor-col-50 elementor-top-column elementor-element elementor-element-7655d20 pxl-column-element-default\" data-id=\"7655d20\" data-element_type=\"column\">\r\n        <div class=\"elementor-widget-wrap elementor-element-populated\">\r\n                    \t\t<div class=\"elementor-element elementor-element-1782c3b flash-hover elementor-widget elementor-widget-image\" data-id=\"1782c3b\" data-element_type=\"widget\" data-widget_type=\"image.default\">\n\t\t\t\t<div class=\"elementor-widget-container\">\n\t\t\t\t\t\t\t\t\t\t\t\t\t\t\t<img fetchpriority=\"high\" decoding=\"async\" width=\"467\" height=\"534\" src=\"https:\/\/gomeslawyers.com\/wp-content\/uploads\/2024\/04\/prince-preview.png\" class=\"attachment-full size-full wp-image-10773\" alt=\"\" srcset=\"https:\/\/gomeslawyers.com\/wp-content\/uploads\/2024\/04\/prince-preview.png 467w, https:\/\/gomeslawyers.com\/wp-content\/uploads\/2024\/04\/prince-preview-262x300.png 262w\" sizes=\"(max-width: 467px) 100vw, 467px\" \/>\t\t\t\t\t\t\t\t\t\t\t\t\t\t\t<\/div>\n\t\t\t\t<\/div>\n\t\t        <section class=\"elementor-section elementor-inner-section elementor-element elementor-element-218cd99 elementor-section-boxed elementor-section-height-default elementor-section-height-default pxl-shape-divider-none\" data-id=\"218cd99\" data-element_type=\"section\" data-settings=\"{&quot;background_background&quot;:&quot;classic&quot;}\">\n\n                            <div class=\"elementor-background-overlay\"><\/div>\n            \n                <div class=\"elementor-container elementor-column-gap-no\">\n                <div class=\"elementor-column elementor-col-100 elementor-inner-column elementor-element elementor-element-b971233 pxl-column-element-default\" data-id=\"b971233\" data-element_type=\"column\">\r\n        <div class=\"elementor-widget-wrap elementor-element-populated\">\r\n                    \t\t<div class=\"elementor-element elementor-element-bb0fa4a mobile-inline elementor-vertical-align-top elementor-widget elementor-widget-icon-box\" data-id=\"bb0fa4a\" data-element_type=\"widget\" data-widget_type=\"icon-box.default\">\n\t\t\t\t<div class=\"elementor-widget-container\">\n\t\t\t\t\t\t\t<div class=\"elementor-icon-box-wrapper\">\n\n\t\t\t\n\t\t\t\t\t\t<div class=\"elementor-icon-box-content\">\n\n\t\t\t\t\t\t\t\t\t<h3 class=\"elementor-icon-box-title\">\n\t\t\t\t\t\t<a href=\"mailto:contact@example.com\" >\n\t\t\t\t\t\t\t Bars and Admissions\t\t\t\t\t\t<\/a>\n\t\t\t\t\t<\/h3>\n\t\t\t\t\n\t\t\t\t\t\t\t\t\t<p class=\"elementor-icon-box-description\">\n\t\t\t\t\t\tPointe-Noire, Congo\t\t\t\t\t<\/p>\n\t\t\t\t\n\t\t\t<\/div>\n\t\t\t\n\t\t<\/div>\n\t\t\t\t\t\t<\/div>\n\t\t\t\t<\/div>\n\t\t\t\t<div class=\"elementor-element elementor-element-286c3ab mobile-inline elementor-vertical-align-top elementor-widget elementor-widget-icon-box\" data-id=\"286c3ab\" data-element_type=\"widget\" data-widget_type=\"icon-box.default\">\n\t\t\t\t<div class=\"elementor-widget-container\">\n\t\t\t\t\t\t\t<div class=\"elementor-icon-box-wrapper\">\n\n\t\t\t\n\t\t\t\t\t\t<div class=\"elementor-icon-box-content\">\n\n\t\t\t\t\t\t\t\t\t<h3 class=\"elementor-icon-box-title\">\n\t\t\t\t\t\t<a href=\"mailto:contact@example.com\" >\n\t\t\t\t\t\t\tLangues :\t\t\t\t\t\t<\/a>\n\t\t\t\t\t<\/h3>\n\t\t\t\t\n\t\t\t\t\t\t\t\t\t<p class=\"elementor-icon-box-description\">\n\t\t\t\t\t\tFran\u00e7ais, Anglais, Lingala, Kituba\t\t\t\t\t<\/p>\n\t\t\t\t\n\t\t\t<\/div>\n\t\t\t\n\t\t<\/div>\n\t\t\t\t\t\t<\/div>\n\t\t\t\t<\/div>\n\t\t                    <\/div>\r\n        <\/div>\r\n        \t\t\t<\/div>\n\t\t<\/section>\n\t\t                    <\/div>\r\n        <\/div>\r\n                <div class=\"elementor-column elementor-col-50 elementor-top-column elementor-element elementor-element-b226cb5 pxl-column-element-default\" data-id=\"b226cb5\" data-element_type=\"column\">\r\n        <div class=\"elementor-widget-wrap elementor-element-populated\">\r\n                            <section class=\"elementor-section elementor-inner-section elementor-element elementor-element-7407d4c elementor-section-boxed elementor-section-height-default elementor-section-height-default pxl-shape-divider-none\" data-id=\"7407d4c\" data-element_type=\"section\">\n\n                \n                <div class=\"elementor-container elementor-column-gap-no\">\n                <div class=\"elementor-column elementor-col-100 elementor-inner-column elementor-element elementor-element-e9a58c4 pxl-column-element-default\" data-id=\"e9a58c4\" data-element_type=\"column\">\r\n        <div class=\"elementor-widget-wrap elementor-element-populated\">\r\n                    \t\t<div class=\"elementor-element elementor-element-7f171fa pxl-heading-layout-1 elementor-widget elementor-widget-pxl_heading\" data-id=\"7f171fa\" data-element_type=\"widget\" data-widget_type=\"pxl_heading.default\">\n\t\t\t\t<div class=\"elementor-widget-container\">\n\t\t\t\t\t<div class=\"pxl-heading-wrap d-flex layout1\">\n    <div class=\"pxl-heading-inner\">\n        \n        <h3 class=\"heading-title pxl-animate pxl-invisible animated-normal\" data-settings=\"{&quot;animation&quot;:&quot;fadeInUp&quot;,&quot;animation_delay&quot;:200}\">\n            <span >\n                Prince KYSSAMA DIKOULOU            <\/span>\n                    <\/h3>\n\n                    <div class=\"heading-subtitle line-on\">\n                <span>Avocat<\/span>\n            <\/div>\n            <\/div>\n<\/div>\n\n\t\t\t\t<\/div>\n\t\t\t\t<\/div>\n\t\t\t\t<div class=\"elementor-element elementor-element-f08ddb7 elementor-widget elementor-widget-pxl_text_editor\" data-id=\"f08ddb7\" data-element_type=\"widget\" data-widget_type=\"pxl_text_editor.default\">\n\t\t\t\t<div class=\"elementor-widget-container\">\n\t\t\t\t\t<div id=\"pxl_text_editor-f08ddb7-5599\" class=\"pxl-text-editor-wrap d-flex\" >\n\t<div class=\"pxl-text-editor elementor-clearfix\">\n        Prince est un Avocat au sein du Cabinet Gomes. Sa pratique porte notamment sur le droit des affaires OHADA, le droit social, le droit des hydrocarbures, le droit fiscal ou encore le droit de la propri\u00e9t\u00e9 intellectuelle.<br\/><br\/>\n\nPrince a parfait son exp\u00e9rience professionnelle au S\u00e9n\u00e9gal, o\u00f9 il a pratiqu\u00e9 le recouvrement contentieux et amiable de cr\u00e9ances, l\u2019assistance dans la tenue du secr\u00e9tariat juridique des soci\u00e9t\u00e9s commerciales, le conseil fiscal, les proc\u00e9dures collectives et les proc\u00e9dures d\u2019indemnisation \u00e0 la suite de sinistres.<br\/><br\/>\n\nDans le cadre de ses fonctions, il participe \u00e0 la r\u00e9daction des actes de proc\u00e9dures judiciaires pour la d\u00e9fense des int\u00e9r\u00eats des clients devant les Cours et Tribunaux congolais, et participe activement aux missions de r\u00e9daction et n\u00e9gociation de contrats.<br\/><br\/>\n\nIl parle couramment le Fran\u00e7ais, l\u2019Anglais, ainsi que le Lingala et le Kituba.\t<\/div>\n<\/div>\t\t\t\t<\/div>\n\t\t\t\t<\/div>\n\t\t                    <\/div>\r\n        <\/div>\r\n        \t\t\t<\/div>\n\t\t<\/section>\n\t\t        <section class=\"elementor-section elementor-inner-section elementor-element elementor-element-accf2ce elementor-section-boxed elementor-section-height-default elementor-section-height-default pxl-shape-divider-none\" data-id=\"accf2ce\" data-element_type=\"section\">\n\n                \n                <div class=\"elementor-container elementor-column-gap-no\">\n                <div class=\"elementor-column elementor-col-50 elementor-inner-column elementor-element elementor-element-a9a9816 pxl-column-element-default\" data-id=\"a9a9816\" data-element_type=\"column\">\r\n        <div class=\"elementor-widget-wrap elementor-element-populated\">\r\n                    \t\t<div class=\"elementor-element elementor-element-4642d19 pxl-heading-layout-1 elementor-widget elementor-widget-pxl_heading\" data-id=\"4642d19\" data-element_type=\"widget\" data-widget_type=\"pxl_heading.default\">\n\t\t\t\t<div class=\"elementor-widget-container\">\n\t\t\t\t\t<div class=\"pxl-heading-wrap d-flex layout1\">\n    <div class=\"pxl-heading-inner\">\n        \n        <h3 class=\"heading-title\">\n            <span >\n                Secteurs d\u2019activit\u00e9s            <\/span>\n                    <\/h3>\n\n            <\/div>\n<\/div>\n\n\t\t\t\t<\/div>\n\t\t\t\t<\/div>\n\t\t\t\t<div class=\"elementor-element elementor-element-c03aee3 elementor-icon-list--layout-traditional elementor-list-item-link-full_width elementor-widget elementor-widget-icon-list\" data-id=\"c03aee3\" data-element_type=\"widget\" data-widget_type=\"icon-list.default\">\n\t\t\t\t<div class=\"elementor-widget-container\">\n\t\t\t\t\t\t\t<ul class=\"elementor-icon-list-items\">\n\t\t\t\t\t\t\t<li class=\"elementor-icon-list-item\">\n\t\t\t\t\t\t\t\t\t\t\t<span class=\"elementor-icon-list-icon\">\n\t\t\t\t\t\t\t<svg xmlns=\"http:\/\/www.w3.org\/2000\/svg\" data-name=\"Layer 1\" viewbox=\"0 0 12 12\"><defs><style>.cls-1{fill:#ad9779;}.cls-2{fill:none;stroke:#ad9779;opacity:0.4;isolation:isolate;}<\/style><\/defs><rect class=\"cls-1\" x=\"3.5\" y=\"3.5\" width=\"5\" height=\"5\"><\/rect><rect class=\"cls-2\" x=\"0.5\" y=\"0.5\" width=\"11\" height=\"11\"><\/rect><\/svg>\t\t\t\t\t\t<\/span>\n\t\t\t\t\t\t\t\t\t\t<span class=\"elementor-icon-list-text\">Distribution &amp; consommation<\/span>\n\t\t\t\t\t\t\t\t\t<\/li>\n\t\t\t\t\t\t\t\t<li class=\"elementor-icon-list-item\">\n\t\t\t\t\t\t\t\t\t\t\t<span class=\"elementor-icon-list-icon\">\n\t\t\t\t\t\t\t<svg xmlns=\"http:\/\/www.w3.org\/2000\/svg\" data-name=\"Layer 1\" viewbox=\"0 0 12 12\"><defs><style>.cls-1{fill:#ad9779;}.cls-2{fill:none;stroke:#ad9779;opacity:0.4;isolation:isolate;}<\/style><\/defs><rect class=\"cls-1\" x=\"3.5\" y=\"3.5\" width=\"5\" height=\"5\"><\/rect><rect class=\"cls-2\" x=\"0.5\" y=\"0.5\" width=\"11\" height=\"11\"><\/rect><\/svg>\t\t\t\t\t\t<\/span>\n\t\t\t\t\t\t\t\t\t\t<span class=\"elementor-icon-list-text\">Industrie<\/span>\n\t\t\t\t\t\t\t\t\t<\/li>\n\t\t\t\t\t\t\t\t<li class=\"elementor-icon-list-item\">\n\t\t\t\t\t\t\t\t\t\t\t<span class=\"elementor-icon-list-icon\">\n\t\t\t\t\t\t\t<svg xmlns=\"http:\/\/www.w3.org\/2000\/svg\" data-name=\"Layer 1\" viewbox=\"0 0 12 12\"><defs><style>.cls-1{fill:#ad9779;}.cls-2{fill:none;stroke:#ad9779;opacity:0.4;isolation:isolate;}<\/style><\/defs><rect class=\"cls-1\" x=\"3.5\" y=\"3.5\" width=\"5\" height=\"5\"><\/rect><rect class=\"cls-2\" x=\"0.5\" y=\"0.5\" width=\"11\" height=\"11\"><\/rect><\/svg>\t\t\t\t\t\t<\/span>\n\t\t\t\t\t\t\t\t\t\t<span class=\"elementor-icon-list-text\">Energies &amp; ressources naturelles<\/span>\n\t\t\t\t\t\t\t\t\t<\/li>\n\t\t\t\t\t\t\t\t<li class=\"elementor-icon-list-item\">\n\t\t\t\t\t\t\t\t\t\t\t<span class=\"elementor-icon-list-icon\">\n\t\t\t\t\t\t\t<svg xmlns=\"http:\/\/www.w3.org\/2000\/svg\" data-name=\"Layer 1\" viewbox=\"0 0 12 12\"><defs><style>.cls-1{fill:#ad9779;}.cls-2{fill:none;stroke:#ad9779;opacity:0.4;isolation:isolate;}<\/style><\/defs><rect class=\"cls-1\" x=\"3.5\" y=\"3.5\" width=\"5\" height=\"5\"><\/rect><rect class=\"cls-2\" x=\"0.5\" y=\"0.5\" width=\"11\" height=\"11\"><\/rect><\/svg>\t\t\t\t\t\t<\/span>\n\t\t\t\t\t\t\t\t\t\t<span class=\"elementor-icon-list-text\">Droit foncier &amp; Transactions immobili\u00e8res<\/span>\n\t\t\t\t\t\t\t\t\t<\/li>\n\t\t\t\t\t\t\t\t<li class=\"elementor-icon-list-item\">\n\t\t\t\t\t\t\t\t\t\t\t<span class=\"elementor-icon-list-icon\">\n\t\t\t\t\t\t\t<svg xmlns=\"http:\/\/www.w3.org\/2000\/svg\" data-name=\"Layer 1\" viewbox=\"0 0 12 12\"><defs><style>.cls-1{fill:#ad9779;}.cls-2{fill:none;stroke:#ad9779;opacity:0.4;isolation:isolate;}<\/style><\/defs><rect class=\"cls-1\" x=\"3.5\" y=\"3.5\" width=\"5\" height=\"5\"><\/rect><rect class=\"cls-2\" x=\"0.5\" y=\"0.5\" width=\"11\" height=\"11\"><\/rect><\/svg>\t\t\t\t\t\t<\/span>\n\t\t\t\t\t\t\t\t\t\t<span class=\"elementor-icon-list-text\">Sport<\/span>\n\t\t\t\t\t\t\t\t\t<\/li>\n\t\t\t\t\t\t<\/ul>\n\t\t\t\t\t\t<\/div>\n\t\t\t\t<\/div>\n\t\t                    <\/div>\r\n        <\/div>\r\n                <div class=\"elementor-column elementor-col-50 elementor-inner-column elementor-element elementor-element-e31dacb pxl-column-element-default\" data-id=\"e31dacb\" data-element_type=\"column\">\r\n        <div class=\"elementor-widget-wrap elementor-element-populated\">\r\n                    \t\t<div class=\"elementor-element elementor-element-47c3d78 pxl-heading-layout-1 elementor-widget elementor-widget-pxl_heading\" data-id=\"47c3d78\" data-element_type=\"widget\" data-widget_type=\"pxl_heading.default\">\n\t\t\t\t<div class=\"elementor-widget-container\">\n\t\t\t\t\t<div class=\"pxl-heading-wrap d-flex layout1\">\n    <div class=\"pxl-heading-inner\">\n        \n        <h3 class=\"heading-title\">\n            <span >\n                Domaines d\u2019intervention            <\/span>\n                    <\/h3>\n\n            <\/div>\n<\/div>\n\n\t\t\t\t<\/div>\n\t\t\t\t<\/div>\n\t\t\t\t<div class=\"elementor-element elementor-element-ebe0cad elementor-icon-list--layout-traditional elementor-list-item-link-full_width elementor-widget elementor-widget-icon-list\" data-id=\"ebe0cad\" data-element_type=\"widget\" data-widget_type=\"icon-list.default\">\n\t\t\t\t<div class=\"elementor-widget-container\">\n\t\t\t\t\t\t\t<ul class=\"elementor-icon-list-items\">\n\t\t\t\t\t\t\t<li class=\"elementor-icon-list-item\">\n\t\t\t\t\t\t\t\t\t\t\t<span class=\"elementor-icon-list-icon\">\n\t\t\t\t\t\t\t<svg xmlns=\"http:\/\/www.w3.org\/2000\/svg\" data-name=\"Layer 1\" viewbox=\"0 0 12 12\"><defs><style>.cls-1{fill:#ad9779;}.cls-2{fill:none;stroke:#ad9779;opacity:0.4;isolation:isolate;}<\/style><\/defs><rect class=\"cls-1\" x=\"3.5\" y=\"3.5\" width=\"5\" height=\"5\"><\/rect><rect class=\"cls-2\" x=\"0.5\" y=\"0.5\" width=\"11\" height=\"11\"><\/rect><\/svg>\t\t\t\t\t\t<\/span>\n\t\t\t\t\t\t\t\t\t\t<span class=\"elementor-icon-list-text\">Droits des soci\u00e9t\u00e9s &amp; Fusions-Acquisitions<\/span>\n\t\t\t\t\t\t\t\t\t<\/li>\n\t\t\t\t\t\t\t\t<li class=\"elementor-icon-list-item\">\n\t\t\t\t\t\t\t\t\t\t\t<span class=\"elementor-icon-list-icon\">\n\t\t\t\t\t\t\t<svg xmlns=\"http:\/\/www.w3.org\/2000\/svg\" data-name=\"Layer 1\" viewbox=\"0 0 12 12\"><defs><style>.cls-1{fill:#ad9779;}.cls-2{fill:none;stroke:#ad9779;opacity:0.4;isolation:isolate;}<\/style><\/defs><rect class=\"cls-1\" x=\"3.5\" y=\"3.5\" width=\"5\" height=\"5\"><\/rect><rect class=\"cls-2\" x=\"0.5\" y=\"0.5\" width=\"11\" height=\"11\"><\/rect><\/svg>\t\t\t\t\t\t<\/span>\n\t\t\t\t\t\t\t\t\t\t<span class=\"elementor-icon-list-text\">Assurances<\/span>\n\t\t\t\t\t\t\t\t\t<\/li>\n\t\t\t\t\t\t\t\t<li class=\"elementor-icon-list-item\">\n\t\t\t\t\t\t\t\t\t\t\t<span class=\"elementor-icon-list-icon\">\n\t\t\t\t\t\t\t<svg xmlns=\"http:\/\/www.w3.org\/2000\/svg\" data-name=\"Layer 1\" viewbox=\"0 0 12 12\"><defs><style>.cls-1{fill:#ad9779;}.cls-2{fill:none;stroke:#ad9779;opacity:0.4;isolation:isolate;}<\/style><\/defs><rect class=\"cls-1\" x=\"3.5\" y=\"3.5\" width=\"5\" height=\"5\"><\/rect><rect class=\"cls-2\" x=\"0.5\" y=\"0.5\" width=\"11\" height=\"11\"><\/rect><\/svg>\t\t\t\t\t\t<\/span>\n\t\t\t\t\t\t\t\t\t\t<span class=\"elementor-icon-list-text\">Transport<\/span>\n\t\t\t\t\t\t\t\t\t<\/li>\n\t\t\t\t\t\t\t\t<li class=\"elementor-icon-list-item\">\n\t\t\t\t\t\t\t\t\t\t\t<span class=\"elementor-icon-list-icon\">\n\t\t\t\t\t\t\t<svg xmlns=\"http:\/\/www.w3.org\/2000\/svg\" data-name=\"Layer 1\" viewbox=\"0 0 12 12\"><defs><style>.cls-1{fill:#ad9779;}.cls-2{fill:none;stroke:#ad9779;opacity:0.4;isolation:isolate;}<\/style><\/defs><rect class=\"cls-1\" x=\"3.5\" y=\"3.5\" width=\"5\" height=\"5\"><\/rect><rect class=\"cls-2\" x=\"0.5\" y=\"0.5\" width=\"11\" height=\"11\"><\/rect><\/svg>\t\t\t\t\t\t<\/span>\n\t\t\t\t\t\t\t\t\t\t<span class=\"elementor-icon-list-text\">Droit commercial &amp; Distribution<\/span>\n\t\t\t\t\t\t\t\t\t<\/li>\n\t\t\t\t\t\t\t\t<li class=\"elementor-icon-list-item\">\n\t\t\t\t\t\t\t\t\t\t\t<span class=\"elementor-icon-list-icon\">\n\t\t\t\t\t\t\t<svg xmlns=\"http:\/\/www.w3.org\/2000\/svg\" data-name=\"Layer 1\" viewbox=\"0 0 12 12\"><defs><style>.cls-1{fill:#ad9779;}.cls-2{fill:none;stroke:#ad9779;opacity:0.4;isolation:isolate;}<\/style><\/defs><rect class=\"cls-1\" x=\"3.5\" y=\"3.5\" width=\"5\" height=\"5\"><\/rect><rect class=\"cls-2\" x=\"0.5\" y=\"0.5\" width=\"11\" height=\"11\"><\/rect><\/svg>\t\t\t\t\t\t<\/span>\n\t\t\t\t\t\t\t\t\t\t<span class=\"elementor-icon-list-text\">Contentieux &amp; Arbitrage<\/span>\n\t\t\t\t\t\t\t\t\t<\/li>\n\t\t\t\t\t\t\t\t<li class=\"elementor-icon-list-item\">\n\t\t\t\t\t\t\t\t\t\t\t<span class=\"elementor-icon-list-icon\">\n\t\t\t\t\t\t\t<svg xmlns=\"http:\/\/www.w3.org\/2000\/svg\" data-name=\"Layer 1\" viewbox=\"0 0 12 12\"><defs><style>.cls-1{fill:#ad9779;}.cls-2{fill:none;stroke:#ad9779;opacity:0.4;isolation:isolate;}<\/style><\/defs><rect class=\"cls-1\" x=\"3.5\" y=\"3.5\" width=\"5\" height=\"5\"><\/rect><rect class=\"cls-2\" x=\"0.5\" y=\"0.5\" width=\"11\" height=\"11\"><\/rect><\/svg>\t\t\t\t\t\t<\/span>\n\t\t\t\t\t\t\t\t\t\t<span class=\"elementor-icon-list-text\">Restructurations &amp; Proc\u00e9dures collectives<\/span>\n\t\t\t\t\t\t\t\t\t<\/li>\n\t\t\t\t\t\t\t\t<li class=\"elementor-icon-list-item\">\n\t\t\t\t\t\t\t\t\t\t\t<span class=\"elementor-icon-list-icon\">\n\t\t\t\t\t\t\t<svg xmlns=\"http:\/\/www.w3.org\/2000\/svg\" data-name=\"Layer 1\" viewbox=\"0 0 12 12\"><defs><style>.cls-1{fill:#ad9779;}.cls-2{fill:none;stroke:#ad9779;opacity:0.4;isolation:isolate;}<\/style><\/defs><rect class=\"cls-1\" x=\"3.5\" y=\"3.5\" width=\"5\" height=\"5\"><\/rect><rect class=\"cls-2\" x=\"0.5\" y=\"0.5\" width=\"11\" height=\"11\"><\/rect><\/svg>\t\t\t\t\t\t<\/span>\n\t\t\t\t\t\t\t\t\t\t<span class=\"elementor-icon-list-text\">Droit Social<\/span>\n\t\t\t\t\t\t\t\t\t<\/li>\n\t\t\t\t\t\t\t\t<li class=\"elementor-icon-list-item\">\n\t\t\t\t\t\t\t\t\t\t\t<span class=\"elementor-icon-list-icon\">\n\t\t\t\t\t\t\t<svg xmlns=\"http:\/\/www.w3.org\/2000\/svg\" data-name=\"Layer 1\" viewbox=\"0 0 12 12\"><defs><style>.cls-1{fill:#ad9779;}.cls-2{fill:none;stroke:#ad9779;opacity:0.4;isolation:isolate;}<\/style><\/defs><rect class=\"cls-1\" x=\"3.5\" y=\"3.5\" width=\"5\" height=\"5\"><\/rect><rect class=\"cls-2\" x=\"0.5\" y=\"0.5\" width=\"11\" height=\"11\"><\/rect><\/svg>\t\t\t\t\t\t<\/span>\n\t\t\t\t\t\t\t\t\t\t<span class=\"elementor-icon-list-text\">Fiscalit\u00e9<\/span>\n\t\t\t\t\t\t\t\t\t<\/li>\n\t\t\t\t\t\t<\/ul>\n\t\t\t\t\t\t<\/div>\n\t\t\t\t<\/div>\n\t\t                    <\/div>\r\n        <\/div>\r\n        \t\t\t<\/div>\n\t\t<\/section>\n\t\t        <section class=\"elementor-section elementor-inner-section elementor-element elementor-element-e51fdb9 elementor-section-boxed elementor-section-height-default elementor-section-height-default pxl-shape-divider-none\" data-id=\"e51fdb9\" data-element_type=\"section\">\n\n                \n                <div class=\"elementor-container elementor-column-gap-no\">\n                <div class=\"elementor-column elementor-col-50 elementor-inner-column elementor-element elementor-element-cfcf036 pxl-column-element-default\" data-id=\"cfcf036\" data-element_type=\"column\">\r\n        <div class=\"elementor-widget-wrap elementor-element-populated\">\r\n                    \t\t<div class=\"elementor-element elementor-element-9e8b41d pxl-heading-layout-1 elementor-widget elementor-widget-pxl_heading\" data-id=\"9e8b41d\" data-element_type=\"widget\" data-widget_type=\"pxl_heading.default\">\n\t\t\t\t<div class=\"elementor-widget-container\">\n\t\t\t\t\t<div class=\"pxl-heading-wrap d-flex layout1\">\n    <div class=\"pxl-heading-inner\">\n        \n        <h3 class=\"heading-title\">\n            <span >\n                FORMATION            <\/span>\n                    <\/h3>\n\n            <\/div>\n<\/div>\n\n\t\t\t\t<\/div>\n\t\t\t\t<\/div>\n\t\t\t\t<div class=\"elementor-element elementor-element-6405d81 mobile-inline elementor-vertical-align-top elementor-widget elementor-widget-icon-box\" data-id=\"6405d81\" data-element_type=\"widget\" data-widget_type=\"icon-box.default\">\n\t\t\t\t<div class=\"elementor-widget-container\">\n\t\t\t\t\t\t\t<div class=\"elementor-icon-box-wrapper\">\n\n\t\t\t\n\t\t\t\t\t\t<div class=\"elementor-icon-box-content\">\n\n\t\t\t\t\t\t\t\t\t<h3 class=\"elementor-icon-box-title\">\n\t\t\t\t\t\t<a href=\"tel:26506030553\" target=\"_blank\" rel=\"nofollow\" >\n\t\t\t\t\t\t\tUniversit\u00e9\t\t\t\t\t\t<\/a>\n\t\t\t\t\t<\/h3>\n\t\t\t\t\n\t\t\t\t\t\t\t\t\t<p class=\"elementor-icon-box-description\">\n\t\t\t\t\t\tUniversit\u00e9 Amadou Hamp\u00e2t\u00e9 BA \u2013 (Dakar-SENEGAL)\t\t\t\t\t<\/p>\n\t\t\t\t\n\t\t\t<\/div>\n\t\t\t\n\t\t<\/div>\n\t\t\t\t\t\t<\/div>\n\t\t\t\t<\/div>\n\t\t                    <\/div>\r\n        <\/div>\r\n                <div class=\"elementor-column elementor-col-50 elementor-inner-column elementor-element elementor-element-e41d8e6 pxl-column-element-default\" data-id=\"e41d8e6\" data-element_type=\"column\">\r\n        <div class=\"elementor-widget-wrap\">\r\n                                        <\/div>\r\n        <\/div>\r\n        \t\t\t<\/div>\n\t\t<\/section>\n\t\t                    <\/div>\r\n        <\/div>\r\n        \t\t\t<\/div>\n\t\t<\/section>\n\t\t\t\t<\/div>","protected":false},"excerpt":{"rendered":"<p>Prince KYSSAMA DIKOULOU Bars and Admissions Pointe-Noire, Congo Languages : Lingala, French, English, Kituba Prince KYSSAMA DIKOULOU Lawyer Prince is a lawyer at Gomes Law Firm. His practice focuses on OHADA business law, labor law, hydrocarbon law, tax law and intellectual property law. Prince has perfected his professional experience in Senegal, where he practiced contentious [&hellip;]<\/p>","protected":false},"author":1,"featured_media":0,"parent":3893,"menu_order":0,"comment_status":"closed","ping_status":"closed","template":"","meta":{"footnotes":""},"class_list":["post-11001","page","type-page","status-publish","hentry"],"_links":{"self":[{"href":"https:\/\/gomeslawyers.com\/fr\/wp-json\/wp\/v2\/pages\/11001","targetHints":{"allow":["GET"]}}],"collection":[{"href":"https:\/\/gomeslawyers.com\/fr\/wp-json\/wp\/v2\/pages"}],"about":[{"href":"https:\/\/gomeslawyers.com\/fr\/wp-json\/wp\/v2\/types\/page"}],"author":[{"embeddable":true,"href":"https:\/\/gomeslawyers.com\/fr\/wp-json\/wp\/v2\/users\/1"}],"replies":[{"embeddable":true,"href":"https:\/\/gomeslawyers.com\/fr\/wp-json\/wp\/v2\/comments?post=11001"}],"version-history":[{"count":74,"href":"https:\/\/gomeslawyers.com\/fr\/wp-json\/wp\/v2\/pages\/11001\/revisions"}],"predecessor-version":[{"id":13872,"href":"https:\/\/gomeslawyers.com\/fr\/wp-json\/wp\/v2\/pages\/11001\/revisions\/13872"}],"up":[{"embeddable":true,"href":"https:\/\/gomeslawyers.com\/fr\/wp-json\/wp\/v2\/pages\/3893"}],"wp:attachment":[{"href":"https:\/\/gomeslawyers.com\/fr\/wp-json\/wp\/v2\/media?parent=11001"}],"curies":[{"name":"wp","href":"https:\/\/api.w.org\/{rel}","templated":true}]}}