{"id":11000,"date":"2024-04-15T16:33:36","date_gmt":"2024-04-15T14:33:36","guid":{"rendered":"https:\/\/gomeslawyers.com\/?page_id=11000"},"modified":"2024-08-07T10:37:41","modified_gmt":"2024-08-07T08:37:41","slug":"alvarez-missakila","status":"publish","type":"page","link":"https:\/\/gomeslawyers.com\/fr\/our-team\/alvarez-missakila\/","title":{"rendered":"Alvarez MISSAKILA"},"content":{"rendered":"<div data-elementor-type=\"wp-page\" data-elementor-id=\"11000\" class=\"elementor elementor-11000\" data-elementor-post-type=\"page\">\n\t\t\t\t        <section class=\"elementor-section elementor-top-section elementor-element elementor-element-1a6a6cb elementor-section-boxed elementor-section-height-default elementor-section-height-default pxl-shape-divider-none\" data-id=\"1a6a6cb\" data-element_type=\"section\" data-settings=\"{&quot;background_background&quot;:&quot;classic&quot;}\">\n\n                            <div class=\"elementor-background-overlay\"><\/div>\n            \n                <div class=\"elementor-container elementor-column-gap-default\">\n                <div class=\"elementor-column elementor-col-100 elementor-top-column elementor-element elementor-element-1749e91 pxl-column-element-default\" data-id=\"1749e91\" data-element_type=\"column\">\r\n        <div class=\"elementor-widget-wrap elementor-element-populated\">\r\n                    \t\t<div class=\"elementor-element elementor-element-c9218f0 pxl-heading-layout-1 elementor-widget elementor-widget-pxl_heading\" data-id=\"c9218f0\" data-element_type=\"widget\" data-widget_type=\"pxl_heading.default\">\n\t\t\t\t<div class=\"elementor-widget-container\">\n\t\t\t\t\t<div class=\"pxl-heading-wrap d-flex layout1\">\n    <div class=\"pxl-heading-inner\">\n        \n        <h2 class=\"heading-title\">\n            <span >\n                Alvarez MISSAKILA-MAYINGHA            <\/span>\n                    <\/h2>\n\n            <\/div>\n<\/div>\n\n\t\t\t\t<\/div>\n\t\t\t\t<\/div>\n\t\t                    <\/div>\r\n        <\/div>\r\n        \t\t\t<\/div>\n\t\t<\/section>\n\t\t        <section class=\"elementor-section elementor-top-section elementor-element elementor-element-8d66fc8 elementor-reverse-tablet elementor-reverse-mobile_extra elementor-reverse-mobile elementor-section-boxed elementor-section-height-default elementor-section-height-default pxl-shape-divider-none\" data-id=\"8d66fc8\" data-element_type=\"section\">\n\n                \n                <div class=\"elementor-container elementor-column-gap-default\">\n                <div class=\"elementor-column elementor-col-50 elementor-top-column elementor-element elementor-element-7655d20 pxl-column-element-default\" data-id=\"7655d20\" data-element_type=\"column\">\r\n        <div class=\"elementor-widget-wrap elementor-element-populated\">\r\n                    \t\t<div class=\"elementor-element elementor-element-1782c3b flash-hover elementor-widget elementor-widget-image\" data-id=\"1782c3b\" data-element_type=\"widget\" data-widget_type=\"image.default\">\n\t\t\t\t<div class=\"elementor-widget-container\">\n\t\t\t\t\t\t\t\t\t\t\t\t\t\t\t<img fetchpriority=\"high\" decoding=\"async\" width=\"467\" height=\"534\" src=\"https:\/\/gomeslawyers.com\/wp-content\/uploads\/2024\/04\/Alvarez-preview.png\" class=\"attachment-full size-full wp-image-10766\" alt=\"\" srcset=\"https:\/\/gomeslawyers.com\/wp-content\/uploads\/2024\/04\/Alvarez-preview.png 467w, https:\/\/gomeslawyers.com\/wp-content\/uploads\/2024\/04\/Alvarez-preview-262x300.png 262w\" sizes=\"(max-width: 467px) 100vw, 467px\" \/>\t\t\t\t\t\t\t\t\t\t\t\t\t\t\t<\/div>\n\t\t\t\t<\/div>\n\t\t        <section class=\"elementor-section elementor-inner-section elementor-element elementor-element-6349a9f elementor-section-boxed elementor-section-height-default elementor-section-height-default pxl-shape-divider-none\" data-id=\"6349a9f\" data-element_type=\"section\" data-settings=\"{&quot;background_background&quot;:&quot;classic&quot;}\">\n\n                            <div class=\"elementor-background-overlay\"><\/div>\n            \n                <div class=\"elementor-container elementor-column-gap-no\">\n                <div class=\"elementor-column elementor-col-100 elementor-inner-column elementor-element elementor-element-a560826 pxl-column-element-default\" data-id=\"a560826\" data-element_type=\"column\">\r\n        <div class=\"elementor-widget-wrap elementor-element-populated\">\r\n                    \t\t<div class=\"elementor-element elementor-element-6c375dd mobile-inline elementor-vertical-align-top elementor-widget elementor-widget-icon-box\" data-id=\"6c375dd\" data-element_type=\"widget\" data-widget_type=\"icon-box.default\">\n\t\t\t\t<div class=\"elementor-widget-container\">\n\t\t\t\t\t\t\t<div class=\"elementor-icon-box-wrapper\">\n\n\t\t\t\n\t\t\t\t\t\t<div class=\"elementor-icon-box-content\">\n\n\t\t\t\t\t\t\t\t\t<h3 class=\"elementor-icon-box-title\">\n\t\t\t\t\t\t<span  >\n\t\t\t\t\t\t\tBarreaux et Admissions\t\t\t\t\t\t<\/span>\n\t\t\t\t\t<\/h3>\n\t\t\t\t\n\t\t\t\t\t\t\t\t\t<p class=\"elementor-icon-box-description\">\n\t\t\t\t\t\tPointe Noire, Congo<br\/>\t\t\t\t\t<\/p>\n\t\t\t\t\n\t\t\t<\/div>\n\t\t\t\n\t\t<\/div>\n\t\t\t\t\t\t<\/div>\n\t\t\t\t<\/div>\n\t\t\t\t<div class=\"elementor-element elementor-element-91db88c mobile-inline elementor-vertical-align-top elementor-widget elementor-widget-icon-box\" data-id=\"91db88c\" data-element_type=\"widget\" data-widget_type=\"icon-box.default\">\n\t\t\t\t<div class=\"elementor-widget-container\">\n\t\t\t\t\t\t\t<div class=\"elementor-icon-box-wrapper\">\n\n\t\t\t\n\t\t\t\t\t\t<div class=\"elementor-icon-box-content\">\n\n\t\t\t\t\t\t\t\t\t<h3 class=\"elementor-icon-box-title\">\n\t\t\t\t\t\t<a href=\"mailto:contact@example.com\" >\n\t\t\t\t\t\t\tLangues :\t\t\t\t\t\t<\/a>\n\t\t\t\t\t<\/h3>\n\t\t\t\t\n\t\t\t\t\t\t\t\t\t<p class=\"elementor-icon-box-description\">\n\t\t\t\t\t\tLingala, fran\u00e7ais, kituba\t\t\t\t\t<\/p>\n\t\t\t\t\n\t\t\t<\/div>\n\t\t\t\n\t\t<\/div>\n\t\t\t\t\t\t<\/div>\n\t\t\t\t<\/div>\n\t\t                    <\/div>\r\n        <\/div>\r\n        \t\t\t<\/div>\n\t\t<\/section>\n\t\t                    <\/div>\r\n        <\/div>\r\n                <div class=\"elementor-column elementor-col-50 elementor-top-column elementor-element elementor-element-faf12d9 pxl-column-element-default\" data-id=\"faf12d9\" data-element_type=\"column\">\r\n        <div class=\"elementor-widget-wrap elementor-element-populated\">\r\n                            <section class=\"elementor-section elementor-inner-section elementor-element elementor-element-0786044 elementor-section-boxed elementor-section-height-default elementor-section-height-default pxl-shape-divider-none\" data-id=\"0786044\" data-element_type=\"section\">\n\n                \n                <div class=\"elementor-container elementor-column-gap-no\">\n                <div class=\"elementor-column elementor-col-100 elementor-inner-column elementor-element elementor-element-d25bbc6 pxl-column-element-default\" data-id=\"d25bbc6\" data-element_type=\"column\">\r\n        <div class=\"elementor-widget-wrap elementor-element-populated\">\r\n                    \t\t<div class=\"elementor-element elementor-element-04df59b pxl-heading-layout-1 elementor-widget elementor-widget-pxl_heading\" data-id=\"04df59b\" data-element_type=\"widget\" data-widget_type=\"pxl_heading.default\">\n\t\t\t\t<div class=\"elementor-widget-container\">\n\t\t\t\t\t<div class=\"pxl-heading-wrap d-flex layout1\">\n    <div class=\"pxl-heading-inner\">\n        \n        <h3 class=\"heading-title pxl-animate pxl-invisible animated-normal\" data-settings=\"{&quot;animation&quot;:&quot;fadeInUp&quot;,&quot;animation_delay&quot;:200}\">\n            <span >\n                Alvarez MISSAKILA-MAYINGHA            <\/span>\n                    <\/h3>\n\n                    <div class=\"heading-subtitle line-on\">\n                <span>Avocat<\/span>\n            <\/div>\n            <\/div>\n<\/div>\n\n\t\t\t\t<\/div>\n\t\t\t\t<\/div>\n\t\t\t\t<div class=\"elementor-element elementor-element-18b1e23 elementor-widget elementor-widget-pxl_text_editor\" data-id=\"18b1e23\" data-element_type=\"widget\" data-widget_type=\"pxl_text_editor.default\">\n\t\t\t\t<div class=\"elementor-widget-container\">\n\t\t\t\t\t<div id=\"pxl_text_editor-18b1e23-1749\" class=\"pxl-text-editor-wrap d-flex\" >\n\t<div class=\"pxl-text-editor elementor-clearfix\">\n        Alvard est avocat au sein du Cabinet Gomes et est inscrit au tableau de l\u2019ordre des avocats du Congo. Sa pratique porte sur le droit du travail, le droit des obligations, le droit des contrats, le droit des soci\u00e9t\u00e9s, le droit minier, le droit des hydrocarbures et le droit commercial.<br\/><br\/>\n\nAlvard dispose d\u2019une maitrise de la l\u00e9gislation nationale, du droit OHADA et de la CEMAC et poss\u00e8de une expertise particuli\u00e8re dans le domaine des baux \u00e0 usage commercial. Il aide les clients locaux comme internationaux dans leur demande et obtention d\u2019agr\u00e9ments et autorisations diverses pour l\u2019exercice de leurs activit\u00e9s au Congo.<br\/><br\/>\n\nDans l\u2019exercice de son r\u00f4le, il participe activement \u00e0 la r\u00e9daction d\u2019actes du Palais (requ\u00eates, conclusions devant toutes les juridictions) et intervient dans la d\u00e9fense, l\u2019assistance et la repr\u00e9sentation des clients aux tribunaux et cours lors des audiences.\t<\/div>\n<\/div>\t\t\t\t<\/div>\n\t\t\t\t<\/div>\n\t\t                    <\/div>\r\n        <\/div>\r\n        \t\t\t<\/div>\n\t\t<\/section>\n\t\t        <section class=\"elementor-section elementor-inner-section elementor-element elementor-element-16f009f elementor-section-boxed elementor-section-height-default elementor-section-height-default pxl-shape-divider-none\" data-id=\"16f009f\" data-element_type=\"section\">\n\n                \n                <div class=\"elementor-container elementor-column-gap-no\">\n                <div class=\"elementor-column elementor-col-50 elementor-inner-column elementor-element elementor-element-17d6470 pxl-column-element-default\" data-id=\"17d6470\" data-element_type=\"column\">\r\n        <div class=\"elementor-widget-wrap elementor-element-populated\">\r\n                    \t\t<div class=\"elementor-element elementor-element-265a455 pxl-heading-layout-1 elementor-widget elementor-widget-pxl_heading\" data-id=\"265a455\" data-element_type=\"widget\" data-widget_type=\"pxl_heading.default\">\n\t\t\t\t<div class=\"elementor-widget-container\">\n\t\t\t\t\t<div class=\"pxl-heading-wrap d-flex layout1\">\n    <div class=\"pxl-heading-inner\">\n        \n        <h3 class=\"heading-title\">\n            <span >\n                Secteurs d\u2019activit\u00e9s            <\/span>\n                    <\/h3>\n\n            <\/div>\n<\/div>\n\n\t\t\t\t<\/div>\n\t\t\t\t<\/div>\n\t\t\t\t<div class=\"elementor-element elementor-element-8dcfa75 elementor-icon-list--layout-traditional elementor-list-item-link-full_width elementor-widget elementor-widget-icon-list\" data-id=\"8dcfa75\" data-element_type=\"widget\" data-widget_type=\"icon-list.default\">\n\t\t\t\t<div class=\"elementor-widget-container\">\n\t\t\t\t\t\t\t<ul class=\"elementor-icon-list-items\">\n\t\t\t\t\t\t\t<li class=\"elementor-icon-list-item\">\n\t\t\t\t\t\t\t\t\t\t\t<span class=\"elementor-icon-list-icon\">\n\t\t\t\t\t\t\t<svg xmlns=\"http:\/\/www.w3.org\/2000\/svg\" data-name=\"Layer 1\" viewbox=\"0 0 12 12\"><defs><style>.cls-1{fill:#ad9779;}.cls-2{fill:none;stroke:#ad9779;opacity:0.4;isolation:isolate;}<\/style><\/defs><rect class=\"cls-1\" x=\"3.5\" y=\"3.5\" width=\"5\" height=\"5\"><\/rect><rect class=\"cls-2\" x=\"0.5\" y=\"0.5\" width=\"11\" height=\"11\"><\/rect><\/svg>\t\t\t\t\t\t<\/span>\n\t\t\t\t\t\t\t\t\t\t<span class=\"elementor-icon-list-text\">Distribution &amp; consommation<\/span>\n\t\t\t\t\t\t\t\t\t<\/li>\n\t\t\t\t\t\t\t\t<li class=\"elementor-icon-list-item\">\n\t\t\t\t\t\t\t\t\t\t\t<span class=\"elementor-icon-list-icon\">\n\t\t\t\t\t\t\t<svg xmlns=\"http:\/\/www.w3.org\/2000\/svg\" data-name=\"Layer 1\" viewbox=\"0 0 12 12\"><defs><style>.cls-1{fill:#ad9779;}.cls-2{fill:none;stroke:#ad9779;opacity:0.4;isolation:isolate;}<\/style><\/defs><rect class=\"cls-1\" x=\"3.5\" y=\"3.5\" width=\"5\" height=\"5\"><\/rect><rect class=\"cls-2\" x=\"0.5\" y=\"0.5\" width=\"11\" height=\"11\"><\/rect><\/svg>\t\t\t\t\t\t<\/span>\n\t\t\t\t\t\t\t\t\t\t<span class=\"elementor-icon-list-text\">Industrie<\/span>\n\t\t\t\t\t\t\t\t\t<\/li>\n\t\t\t\t\t\t\t\t<li class=\"elementor-icon-list-item\">\n\t\t\t\t\t\t\t\t\t\t\t<span class=\"elementor-icon-list-icon\">\n\t\t\t\t\t\t\t<svg xmlns=\"http:\/\/www.w3.org\/2000\/svg\" data-name=\"Layer 1\" viewbox=\"0 0 12 12\"><defs><style>.cls-1{fill:#ad9779;}.cls-2{fill:none;stroke:#ad9779;opacity:0.4;isolation:isolate;}<\/style><\/defs><rect class=\"cls-1\" x=\"3.5\" y=\"3.5\" width=\"5\" height=\"5\"><\/rect><rect class=\"cls-2\" x=\"0.5\" y=\"0.5\" width=\"11\" height=\"11\"><\/rect><\/svg>\t\t\t\t\t\t<\/span>\n\t\t\t\t\t\t\t\t\t\t<span class=\"elementor-icon-list-text\">Energies &amp; ressources naturelles<\/span>\n\t\t\t\t\t\t\t\t\t<\/li>\n\t\t\t\t\t\t\t\t<li class=\"elementor-icon-list-item\">\n\t\t\t\t\t\t\t\t\t\t\t<span class=\"elementor-icon-list-icon\">\n\t\t\t\t\t\t\t<svg xmlns=\"http:\/\/www.w3.org\/2000\/svg\" data-name=\"Layer 1\" viewbox=\"0 0 12 12\"><defs><style>.cls-1{fill:#ad9779;}.cls-2{fill:none;stroke:#ad9779;opacity:0.4;isolation:isolate;}<\/style><\/defs><rect class=\"cls-1\" x=\"3.5\" y=\"3.5\" width=\"5\" height=\"5\"><\/rect><rect class=\"cls-2\" x=\"0.5\" y=\"0.5\" width=\"11\" height=\"11\"><\/rect><\/svg>\t\t\t\t\t\t<\/span>\n\t\t\t\t\t\t\t\t\t\t<span class=\"elementor-icon-list-text\">Droit foncier &amp; Transactions immobili\u00e8res<\/span>\n\t\t\t\t\t\t\t\t\t<\/li>\n\t\t\t\t\t\t<\/ul>\n\t\t\t\t\t\t<\/div>\n\t\t\t\t<\/div>\n\t\t                    <\/div>\r\n        <\/div>\r\n                <div class=\"elementor-column elementor-col-50 elementor-inner-column elementor-element elementor-element-bae1357 pxl-column-element-default\" data-id=\"bae1357\" data-element_type=\"column\">\r\n        <div class=\"elementor-widget-wrap elementor-element-populated\">\r\n                    \t\t<div class=\"elementor-element elementor-element-fe0f92f pxl-heading-layout-1 elementor-widget elementor-widget-pxl_heading\" data-id=\"fe0f92f\" data-element_type=\"widget\" data-widget_type=\"pxl_heading.default\">\n\t\t\t\t<div class=\"elementor-widget-container\">\n\t\t\t\t\t<div class=\"pxl-heading-wrap d-flex layout1\">\n    <div class=\"pxl-heading-inner\">\n        \n        <h3 class=\"heading-title\">\n            <span >\n                Domaines d\u2019intervention            <\/span>\n                    <\/h3>\n\n            <\/div>\n<\/div>\n\n\t\t\t\t<\/div>\n\t\t\t\t<\/div>\n\t\t\t\t<div class=\"elementor-element elementor-element-f8c5e8c elementor-icon-list--layout-traditional elementor-list-item-link-full_width elementor-widget elementor-widget-icon-list\" data-id=\"f8c5e8c\" data-element_type=\"widget\" data-widget_type=\"icon-list.default\">\n\t\t\t\t<div class=\"elementor-widget-container\">\n\t\t\t\t\t\t\t<ul class=\"elementor-icon-list-items\">\n\t\t\t\t\t\t\t<li class=\"elementor-icon-list-item\">\n\t\t\t\t\t\t\t\t\t\t\t<span class=\"elementor-icon-list-icon\">\n\t\t\t\t\t\t\t<svg xmlns=\"http:\/\/www.w3.org\/2000\/svg\" data-name=\"Layer 1\" viewbox=\"0 0 12 12\"><defs><style>.cls-1{fill:#ad9779;}.cls-2{fill:none;stroke:#ad9779;opacity:0.4;isolation:isolate;}<\/style><\/defs><rect class=\"cls-1\" x=\"3.5\" y=\"3.5\" width=\"5\" height=\"5\"><\/rect><rect class=\"cls-2\" x=\"0.5\" y=\"0.5\" width=\"11\" height=\"11\"><\/rect><\/svg>\t\t\t\t\t\t<\/span>\n\t\t\t\t\t\t\t\t\t\t<span class=\"elementor-icon-list-text\">Droits des soci\u00e9t\u00e9s &amp; Fusions-Acquisitions<\/span>\n\t\t\t\t\t\t\t\t\t<\/li>\n\t\t\t\t\t\t\t\t<li class=\"elementor-icon-list-item\">\n\t\t\t\t\t\t\t\t\t\t\t<span class=\"elementor-icon-list-icon\">\n\t\t\t\t\t\t\t<svg xmlns=\"http:\/\/www.w3.org\/2000\/svg\" data-name=\"Layer 1\" viewbox=\"0 0 12 12\"><defs><style>.cls-1{fill:#ad9779;}.cls-2{fill:none;stroke:#ad9779;opacity:0.4;isolation:isolate;}<\/style><\/defs><rect class=\"cls-1\" x=\"3.5\" y=\"3.5\" width=\"5\" height=\"5\"><\/rect><rect class=\"cls-2\" x=\"0.5\" y=\"0.5\" width=\"11\" height=\"11\"><\/rect><\/svg>\t\t\t\t\t\t<\/span>\n\t\t\t\t\t\t\t\t\t\t<span class=\"elementor-icon-list-text\">Assurances<\/span>\n\t\t\t\t\t\t\t\t\t<\/li>\n\t\t\t\t\t\t\t\t<li class=\"elementor-icon-list-item\">\n\t\t\t\t\t\t\t\t\t\t\t<span class=\"elementor-icon-list-icon\">\n\t\t\t\t\t\t\t<svg xmlns=\"http:\/\/www.w3.org\/2000\/svg\" data-name=\"Layer 1\" viewbox=\"0 0 12 12\"><defs><style>.cls-1{fill:#ad9779;}.cls-2{fill:none;stroke:#ad9779;opacity:0.4;isolation:isolate;}<\/style><\/defs><rect class=\"cls-1\" x=\"3.5\" y=\"3.5\" width=\"5\" height=\"5\"><\/rect><rect class=\"cls-2\" x=\"0.5\" y=\"0.5\" width=\"11\" height=\"11\"><\/rect><\/svg>\t\t\t\t\t\t<\/span>\n\t\t\t\t\t\t\t\t\t\t<span class=\"elementor-icon-list-text\">Transport<\/span>\n\t\t\t\t\t\t\t\t\t<\/li>\n\t\t\t\t\t\t\t\t<li class=\"elementor-icon-list-item\">\n\t\t\t\t\t\t\t\t\t\t\t<span class=\"elementor-icon-list-icon\">\n\t\t\t\t\t\t\t<svg xmlns=\"http:\/\/www.w3.org\/2000\/svg\" data-name=\"Layer 1\" viewbox=\"0 0 12 12\"><defs><style>.cls-1{fill:#ad9779;}.cls-2{fill:none;stroke:#ad9779;opacity:0.4;isolation:isolate;}<\/style><\/defs><rect class=\"cls-1\" x=\"3.5\" y=\"3.5\" width=\"5\" height=\"5\"><\/rect><rect class=\"cls-2\" x=\"0.5\" y=\"0.5\" width=\"11\" height=\"11\"><\/rect><\/svg>\t\t\t\t\t\t<\/span>\n\t\t\t\t\t\t\t\t\t\t<span class=\"elementor-icon-list-text\">Droit commercial &amp; Distribution<\/span>\n\t\t\t\t\t\t\t\t\t<\/li>\n\t\t\t\t\t\t\t\t<li class=\"elementor-icon-list-item\">\n\t\t\t\t\t\t\t\t\t\t\t<span class=\"elementor-icon-list-icon\">\n\t\t\t\t\t\t\t<svg xmlns=\"http:\/\/www.w3.org\/2000\/svg\" data-name=\"Layer 1\" viewbox=\"0 0 12 12\"><defs><style>.cls-1{fill:#ad9779;}.cls-2{fill:none;stroke:#ad9779;opacity:0.4;isolation:isolate;}<\/style><\/defs><rect class=\"cls-1\" x=\"3.5\" y=\"3.5\" width=\"5\" height=\"5\"><\/rect><rect class=\"cls-2\" x=\"0.5\" y=\"0.5\" width=\"11\" height=\"11\"><\/rect><\/svg>\t\t\t\t\t\t<\/span>\n\t\t\t\t\t\t\t\t\t\t<span class=\"elementor-icon-list-text\">Contentieux &amp; Arbitrage<\/span>\n\t\t\t\t\t\t\t\t\t<\/li>\n\t\t\t\t\t\t\t\t<li class=\"elementor-icon-list-item\">\n\t\t\t\t\t\t\t\t\t\t\t<span class=\"elementor-icon-list-icon\">\n\t\t\t\t\t\t\t<svg xmlns=\"http:\/\/www.w3.org\/2000\/svg\" data-name=\"Layer 1\" viewbox=\"0 0 12 12\"><defs><style>.cls-1{fill:#ad9779;}.cls-2{fill:none;stroke:#ad9779;opacity:0.4;isolation:isolate;}<\/style><\/defs><rect class=\"cls-1\" x=\"3.5\" y=\"3.5\" width=\"5\" height=\"5\"><\/rect><rect class=\"cls-2\" x=\"0.5\" y=\"0.5\" width=\"11\" height=\"11\"><\/rect><\/svg>\t\t\t\t\t\t<\/span>\n\t\t\t\t\t\t\t\t\t\t<span class=\"elementor-icon-list-text\">Droit Social<\/span>\n\t\t\t\t\t\t\t\t\t<\/li>\n\t\t\t\t\t\t\t\t<li class=\"elementor-icon-list-item\">\n\t\t\t\t\t\t\t\t\t\t\t<span class=\"elementor-icon-list-icon\">\n\t\t\t\t\t\t\t<svg xmlns=\"http:\/\/www.w3.org\/2000\/svg\" data-name=\"Layer 1\" viewbox=\"0 0 12 12\"><defs><style>.cls-1{fill:#ad9779;}.cls-2{fill:none;stroke:#ad9779;opacity:0.4;isolation:isolate;}<\/style><\/defs><rect class=\"cls-1\" x=\"3.5\" y=\"3.5\" width=\"5\" height=\"5\"><\/rect><rect class=\"cls-2\" x=\"0.5\" y=\"0.5\" width=\"11\" height=\"11\"><\/rect><\/svg>\t\t\t\t\t\t<\/span>\n\t\t\t\t\t\t\t\t\t\t<span class=\"elementor-icon-list-text\">Restructurations &amp; Proc\u00e9dures collectives<\/span>\n\t\t\t\t\t\t\t\t\t<\/li>\n\t\t\t\t\t\t\t\t<li class=\"elementor-icon-list-item\">\n\t\t\t\t\t\t\t\t\t\t\t<span class=\"elementor-icon-list-icon\">\n\t\t\t\t\t\t\t<svg xmlns=\"http:\/\/www.w3.org\/2000\/svg\" data-name=\"Layer 1\" viewbox=\"0 0 12 12\"><defs><style>.cls-1{fill:#ad9779;}.cls-2{fill:none;stroke:#ad9779;opacity:0.4;isolation:isolate;}<\/style><\/defs><rect class=\"cls-1\" x=\"3.5\" y=\"3.5\" width=\"5\" height=\"5\"><\/rect><rect class=\"cls-2\" x=\"0.5\" y=\"0.5\" width=\"11\" height=\"11\"><\/rect><\/svg>\t\t\t\t\t\t<\/span>\n\t\t\t\t\t\t\t\t\t\t<span class=\"elementor-icon-list-text\">Droit foncier &amp; Transactions immobili\u00e8res<\/span>\n\t\t\t\t\t\t\t\t\t<\/li>\n\t\t\t\t\t\t\t\t<li class=\"elementor-icon-list-item\">\n\t\t\t\t\t\t\t\t\t\t\t<span class=\"elementor-icon-list-icon\">\n\t\t\t\t\t\t\t<svg xmlns=\"http:\/\/www.w3.org\/2000\/svg\" data-name=\"Layer 1\" viewbox=\"0 0 12 12\"><defs><style>.cls-1{fill:#ad9779;}.cls-2{fill:none;stroke:#ad9779;opacity:0.4;isolation:isolate;}<\/style><\/defs><rect class=\"cls-1\" x=\"3.5\" y=\"3.5\" width=\"5\" height=\"5\"><\/rect><rect class=\"cls-2\" x=\"0.5\" y=\"0.5\" width=\"11\" height=\"11\"><\/rect><\/svg>\t\t\t\t\t\t<\/span>\n\t\t\t\t\t\t\t\t\t\t<span class=\"elementor-icon-list-text\">Fiscalit\u00e9<\/span>\n\t\t\t\t\t\t\t\t\t<\/li>\n\t\t\t\t\t\t<\/ul>\n\t\t\t\t\t\t<\/div>\n\t\t\t\t<\/div>\n\t\t                    <\/div>\r\n        <\/div>\r\n        \t\t\t<\/div>\n\t\t<\/section>\n\t\t        <section class=\"elementor-section elementor-inner-section elementor-element elementor-element-f76eb76 elementor-section-boxed elementor-section-height-default elementor-section-height-default pxl-shape-divider-none\" data-id=\"f76eb76\" data-element_type=\"section\">\n\n                \n                <div class=\"elementor-container elementor-column-gap-no\">\n                <div class=\"elementor-column elementor-col-50 elementor-inner-column elementor-element elementor-element-0c15965 pxl-column-element-default\" data-id=\"0c15965\" data-element_type=\"column\">\r\n        <div class=\"elementor-widget-wrap elementor-element-populated\">\r\n                    \t\t<div class=\"elementor-element elementor-element-ebc4475 pxl-heading-layout-1 elementor-widget elementor-widget-pxl_heading\" data-id=\"ebc4475\" data-element_type=\"widget\" data-widget_type=\"pxl_heading.default\">\n\t\t\t\t<div class=\"elementor-widget-container\">\n\t\t\t\t\t<div class=\"pxl-heading-wrap d-flex layout1\">\n    <div class=\"pxl-heading-inner\">\n        \n        <h3 class=\"heading-title\">\n            <span >\n                FORMATION            <\/span>\n                    <\/h3>\n\n            <\/div>\n<\/div>\n\n\t\t\t\t<\/div>\n\t\t\t\t<\/div>\n\t\t\t\t<div class=\"elementor-element elementor-element-f1c6c81 mobile-inline elementor-vertical-align-top elementor-widget elementor-widget-icon-box\" data-id=\"f1c6c81\" data-element_type=\"widget\" data-widget_type=\"icon-box.default\">\n\t\t\t\t<div class=\"elementor-widget-container\">\n\t\t\t\t\t\t\t<div class=\"elementor-icon-box-wrapper\">\n\n\t\t\t\n\t\t\t\t\t\t<div class=\"elementor-icon-box-content\">\n\n\t\t\t\t\t\t\t\t\t<h3 class=\"elementor-icon-box-title\">\n\t\t\t\t\t\t<a href=\"tel:26506030553\" target=\"_blank\" rel=\"nofollow\" >\n\t\t\t\t\t\t\tUniversit\u00e9\t\t\t\t\t\t<\/a>\n\t\t\t\t\t<\/h3>\n\t\t\t\t\n\t\t\t\t\t\t\t\t\t<p class=\"elementor-icon-box-description\">\n\t\t\t\t\t\t\nUniversit\u00e9 Marien NGOUABI (Congo Brazzaville).\t\t\t\t\t<\/p>\n\t\t\t\t\n\t\t\t<\/div>\n\t\t\t\n\t\t<\/div>\n\t\t\t\t\t\t<\/div>\n\t\t\t\t<\/div>\n\t\t                    <\/div>\r\n        <\/div>\r\n                <div class=\"elementor-column elementor-col-50 elementor-inner-column elementor-element elementor-element-7a39c67 pxl-column-element-default\" data-id=\"7a39c67\" data-element_type=\"column\">\r\n        <div class=\"elementor-widget-wrap elementor-element-populated\">\r\n                    \t\t<div class=\"elementor-element elementor-element-9940a1c pxl-heading-layout-1 elementor-widget elementor-widget-pxl_heading\" data-id=\"9940a1c\" data-element_type=\"widget\" data-widget_type=\"pxl_heading.default\">\n\t\t\t\t<div class=\"elementor-widget-container\">\n\t\t\t\t\t<div class=\"pxl-heading-wrap d-flex layout1\">\n    <div class=\"pxl-heading-inner\">\n        \n        <h3 class=\"heading-title\">\n            <span >\n                Associations professionnelles            <\/span>\n                    <\/h3>\n\n            <\/div>\n<\/div>\n\n\t\t\t\t<\/div>\n\t\t\t\t<\/div>\n\t\t\t\t<div class=\"elementor-element elementor-element-9cb36e0 mobile-inline elementor-vertical-align-top elementor-widget elementor-widget-icon-box\" data-id=\"9cb36e0\" data-element_type=\"widget\" data-widget_type=\"icon-box.default\">\n\t\t\t\t<div class=\"elementor-widget-container\">\n\t\t\t\t\t\t\t<div class=\"elementor-icon-box-wrapper\">\n\n\t\t\t\n\t\t\t\t\t\t<div class=\"elementor-icon-box-content\">\n\n\t\t\t\t\n\t\t\t\t\t\t\t\t\t<p class=\"elementor-icon-box-description\">\n\t\t\t\t\t\tAssociation des Jeunes Avocats de Pointe-Noire (AJAP)\t\t\t\t\t<\/p>\n\t\t\t\t\n\t\t\t<\/div>\n\t\t\t\n\t\t<\/div>\n\t\t\t\t\t\t<\/div>\n\t\t\t\t<\/div>\n\t\t                    <\/div>\r\n        <\/div>\r\n        \t\t\t<\/div>\n\t\t<\/section>\n\t\t                    <\/div>\r\n        <\/div>\r\n        \t\t\t<\/div>\n\t\t<\/section>\n\t\t\t\t<\/div>","protected":false},"excerpt":{"rendered":"<p>Alvarez MISSAKILA-MAYINGHA Bars and Admissions : Pointe Noire, Congo Languages : Lingala, French, Kituba Alvarez MISSAKILA-MAYINGHA Lawyer Alvard is a lawyer at Cabinet Gomes and is registered with the Congolese Bar Association. His practice focuses on labor law, law of obligations, contract law, corporate law, mining law, hydrocarbon law and commercial law. Alvard is well [&hellip;]<\/p>","protected":false},"author":1,"featured_media":0,"parent":3893,"menu_order":0,"comment_status":"closed","ping_status":"closed","template":"","meta":{"footnotes":""},"class_list":["post-11000","page","type-page","status-publish","hentry"],"_links":{"self":[{"href":"https:\/\/gomeslawyers.com\/fr\/wp-json\/wp\/v2\/pages\/11000","targetHints":{"allow":["GET"]}}],"collection":[{"href":"https:\/\/gomeslawyers.com\/fr\/wp-json\/wp\/v2\/pages"}],"about":[{"href":"https:\/\/gomeslawyers.com\/fr\/wp-json\/wp\/v2\/types\/page"}],"author":[{"embeddable":true,"href":"https:\/\/gomeslawyers.com\/fr\/wp-json\/wp\/v2\/users\/1"}],"replies":[{"embeddable":true,"href":"https:\/\/gomeslawyers.com\/fr\/wp-json\/wp\/v2\/comments?post=11000"}],"version-history":[{"count":66,"href":"https:\/\/gomeslawyers.com\/fr\/wp-json\/wp\/v2\/pages\/11000\/revisions"}],"predecessor-version":[{"id":13740,"href":"https:\/\/gomeslawyers.com\/fr\/wp-json\/wp\/v2\/pages\/11000\/revisions\/13740"}],"up":[{"embeddable":true,"href":"https:\/\/gomeslawyers.com\/fr\/wp-json\/wp\/v2\/pages\/3893"}],"wp:attachment":[{"href":"https:\/\/gomeslawyers.com\/fr\/wp-json\/wp\/v2\/media?parent=11000"}],"curies":[{"name":"wp","href":"https:\/\/api.w.org\/{rel}","templated":true}]}}