{"id":10992,"date":"2024-04-15T16:23:37","date_gmt":"2024-04-15T14:23:37","guid":{"rendered":"https:\/\/gomeslawyers.com\/?page_id=10992"},"modified":"2024-08-05T15:26:28","modified_gmt":"2024-08-05T13:26:28","slug":"vincent-gomes","status":"publish","type":"page","link":"https:\/\/gomeslawyers.com\/fr\/our-team\/vincent-gomes\/","title":{"rendered":"Alexis Vincent Gomes"},"content":{"rendered":"<div data-elementor-type=\"wp-page\" data-elementor-id=\"10992\" class=\"elementor elementor-10992\" data-elementor-post-type=\"page\">\n\t\t\t\t        <section class=\"elementor-section elementor-top-section elementor-element elementor-element-aff431a elementor-section-boxed elementor-section-height-default elementor-section-height-default pxl-shape-divider-none\" data-id=\"aff431a\" data-element_type=\"section\" data-settings=\"{&quot;background_background&quot;:&quot;classic&quot;}\">\n\n                            <div class=\"elementor-background-overlay\"><\/div>\n            \n                <div class=\"elementor-container elementor-column-gap-default\">\n                <div class=\"elementor-column elementor-col-100 elementor-top-column elementor-element elementor-element-8113f01 pxl-column-element-default\" data-id=\"8113f01\" data-element_type=\"column\">\r\n        <div class=\"elementor-widget-wrap elementor-element-populated\">\r\n                    \t\t<div class=\"elementor-element elementor-element-6f1d988 pxl-heading-layout-1 elementor-widget elementor-widget-pxl_heading\" data-id=\"6f1d988\" data-element_type=\"widget\" data-widget_type=\"pxl_heading.default\">\n\t\t\t\t<div class=\"elementor-widget-container\">\n\t\t\t\t\t<div class=\"pxl-heading-wrap d-flex layout1\">\n    <div class=\"pxl-heading-inner\">\n        \n        <h2 class=\"heading-title\">\n            <span >\n                Alexis Vincent Gomes            <\/span>\n                    <\/h2>\n\n            <\/div>\n<\/div>\n\n\t\t\t\t<\/div>\n\t\t\t\t<\/div>\n\t\t                    <\/div>\r\n        <\/div>\r\n        \t\t\t<\/div>\n\t\t<\/section>\n\t\t        <section class=\"elementor-section elementor-top-section elementor-element elementor-element-8d66fc8 elementor-reverse-tablet elementor-reverse-mobile_extra elementor-reverse-mobile elementor-section-boxed elementor-section-height-default elementor-section-height-default pxl-shape-divider-none\" data-id=\"8d66fc8\" data-element_type=\"section\">\n\n                \n                <div class=\"elementor-container elementor-column-gap-default\">\n                <div class=\"elementor-column elementor-col-50 elementor-top-column elementor-element elementor-element-7655d20 pxl-column-element-default\" data-id=\"7655d20\" data-element_type=\"column\">\r\n        <div class=\"elementor-widget-wrap elementor-element-populated\">\r\n                    \t\t<div class=\"elementor-element elementor-element-0fa966b flash-hover elementor-widget elementor-widget-image\" data-id=\"0fa966b\" data-element_type=\"widget\" data-widget_type=\"image.default\">\n\t\t\t\t<div class=\"elementor-widget-container\">\n\t\t\t\t\t\t\t\t\t\t\t\t\t\t\t<img fetchpriority=\"high\" decoding=\"async\" width=\"467\" height=\"534\" src=\"https:\/\/gomeslawyers.com\/wp-content\/uploads\/2024\/04\/vincent-preview.png\" class=\"attachment-full size-full wp-image-10762\" alt=\"\" srcset=\"https:\/\/gomeslawyers.com\/wp-content\/uploads\/2024\/04\/vincent-preview.png 467w, https:\/\/gomeslawyers.com\/wp-content\/uploads\/2024\/04\/vincent-preview-262x300.png 262w\" sizes=\"(max-width: 467px) 100vw, 467px\" \/>\t\t\t\t\t\t\t\t\t\t\t\t\t\t\t<\/div>\n\t\t\t\t<\/div>\n\t\t        <section class=\"elementor-section elementor-inner-section elementor-element elementor-element-1ba8167 elementor-section-boxed elementor-section-height-default elementor-section-height-default pxl-shape-divider-none\" data-id=\"1ba8167\" data-element_type=\"section\" data-settings=\"{&quot;background_background&quot;:&quot;classic&quot;}\">\n\n                            <div class=\"elementor-background-overlay\"><\/div>\n            \n                <div class=\"elementor-container elementor-column-gap-no\">\n                <div class=\"elementor-column elementor-col-100 elementor-inner-column elementor-element elementor-element-afdfe6e pxl-column-element-default\" data-id=\"afdfe6e\" data-element_type=\"column\">\r\n        <div class=\"elementor-widget-wrap elementor-element-populated\">\r\n                    \t\t<div class=\"elementor-element elementor-element-23faeba mobile-inline elementor-vertical-align-top elementor-widget elementor-widget-icon-box\" data-id=\"23faeba\" data-element_type=\"widget\" data-widget_type=\"icon-box.default\">\n\t\t\t\t<div class=\"elementor-widget-container\">\n\t\t\t\t\t\t\t<div class=\"elementor-icon-box-wrapper\">\n\n\t\t\t\n\t\t\t\t\t\t<div class=\"elementor-icon-box-content\">\n\n\t\t\t\t\t\t\t\t\t<h3 class=\"elementor-icon-box-title\">\n\t\t\t\t\t\t<span  >\n\t\t\t\t\t\t\tBarreaux et Admissions\t\t\t\t\t\t<\/span>\n\t\t\t\t\t<\/h3>\n\t\t\t\t\n\t\t\t\t\t\t\t\t\t<p class=\"elementor-icon-box-description\">\n\t\t\t\t\t\tPointe Noire, Congo\t\t\t\t\t<\/p>\n\t\t\t\t\n\t\t\t<\/div>\n\t\t\t\n\t\t<\/div>\n\t\t\t\t\t\t<\/div>\n\t\t\t\t<\/div>\n\t\t\t\t<div class=\"elementor-element elementor-element-64366ef mobile-inline elementor-vertical-align-top elementor-widget elementor-widget-icon-box\" data-id=\"64366ef\" data-element_type=\"widget\" data-widget_type=\"icon-box.default\">\n\t\t\t\t<div class=\"elementor-widget-container\">\n\t\t\t\t\t\t\t<div class=\"elementor-icon-box-wrapper\">\n\n\t\t\t\n\t\t\t\t\t\t<div class=\"elementor-icon-box-content\">\n\n\t\t\t\t\t\t\t\t\t<h3 class=\"elementor-icon-box-title\">\n\t\t\t\t\t\t<span  >\n\t\t\t\t\t\t\tLangues parl\u00e9es :\t\t\t\t\t\t<\/span>\n\t\t\t\t\t<\/h3>\n\t\t\t\t\n\t\t\t\t\t\t\t\t\t<p class=\"elementor-icon-box-description\">\n\t\t\t\t\t\tFran\u00e7ais - Anglais - Lingala\t\t\t\t\t<\/p>\n\t\t\t\t\n\t\t\t<\/div>\n\t\t\t\n\t\t<\/div>\n\t\t\t\t\t\t<\/div>\n\t\t\t\t<\/div>\n\t\t                    <\/div>\r\n        <\/div>\r\n        \t\t\t<\/div>\n\t\t<\/section>\n\t\t                    <\/div>\r\n        <\/div>\r\n                <div class=\"elementor-column elementor-col-50 elementor-top-column elementor-element elementor-element-e3f1f95 pxl-column-element-default\" data-id=\"e3f1f95\" data-element_type=\"column\">\r\n        <div class=\"elementor-widget-wrap elementor-element-populated\">\r\n                            <section class=\"elementor-section elementor-inner-section elementor-element elementor-element-d8009d3 anchor-inner-item elementor-section-boxed elementor-section-height-default elementor-section-height-default pxl-shape-divider-none\" data-id=\"d8009d3\" data-element_type=\"section\" id=\"anchor-inner-overview\">\n\n                \n                <div class=\"elementor-container elementor-column-gap-no\">\n                <div class=\"elementor-column elementor-col-100 elementor-inner-column elementor-element elementor-element-a71253b pxl-column-element-default\" data-id=\"a71253b\" data-element_type=\"column\">\r\n        <div class=\"elementor-widget-wrap elementor-element-populated\">\r\n                    \t\t<div class=\"elementor-element elementor-element-3ff4fae pxl-heading-layout-1 elementor-widget elementor-widget-pxl_heading\" data-id=\"3ff4fae\" data-element_type=\"widget\" data-widget_type=\"pxl_heading.default\">\n\t\t\t\t<div class=\"elementor-widget-container\">\n\t\t\t\t\t<div class=\"pxl-heading-wrap d-flex layout1\">\n    <div class=\"pxl-heading-inner\">\n        \n        <h3 class=\"heading-title pxl-animate pxl-invisible animated-normal\" data-settings=\"{&quot;animation&quot;:&quot;fadeInUp&quot;,&quot;animation_delay&quot;:200}\">\n            <span >\n                Alexis Vincent Gomes            <\/span>\n                    <\/h3>\n\n                    <div class=\"heading-subtitle line-on\">\n                <span>Associ\u00e9 Fondateur<\/span>\n            <\/div>\n            <\/div>\n<\/div>\n\n\t\t\t\t<\/div>\n\t\t\t\t<\/div>\n\t\t\t\t<div class=\"elementor-element elementor-element-3c13535 elementor-widget elementor-widget-pxl_text_editor\" data-id=\"3c13535\" data-element_type=\"widget\" data-widget_type=\"pxl_text_editor.default\">\n\t\t\t\t<div class=\"elementor-widget-container\">\n\t\t\t\t\t<div id=\"pxl_text_editor-3c13535-7162\" class=\"pxl-text-editor-wrap d-flex\" >\n\t<div class=\"pxl-text-editor elementor-clearfix\">\n        Maitre Gomes est l\u2019associ\u00e9 fondateur du cabinet Gomes.<br\/><br\/>\n\nAncien B\u00e2tonnier du Congo, Maitre Gomes a plus de 40 ann\u00e9es d\u2019exp\u00e9rience sur le Continent africain. Son expertise lui a permis d\u2019\u00e9voluer dans le secteur p\u00e9trolier, de l\u2019\u00e9nergie, des mines, infrastructures, et plus g\u00e9n\u00e9ralement le d\u00e9veloppement de projets en Afrique.\t<\/div>\n<\/div>\t\t\t\t<\/div>\n\t\t\t\t<\/div>\n\t\t                    <\/div>\r\n        <\/div>\r\n        \t\t\t<\/div>\n\t\t<\/section>\n\t\t        <section class=\"elementor-section elementor-inner-section elementor-element elementor-element-bcaf374 elementor-section-boxed elementor-section-height-default elementor-section-height-default pxl-shape-divider-none\" data-id=\"bcaf374\" data-element_type=\"section\">\n\n                \n                <div class=\"elementor-container elementor-column-gap-no\">\n                <div class=\"elementor-column elementor-col-50 elementor-inner-column elementor-element elementor-element-4183e1f pxl-column-element-default\" data-id=\"4183e1f\" data-element_type=\"column\">\r\n        <div class=\"elementor-widget-wrap elementor-element-populated\">\r\n                    \t\t<div class=\"elementor-element elementor-element-8f90546 pxl-heading-layout-1 elementor-widget elementor-widget-pxl_heading\" data-id=\"8f90546\" data-element_type=\"widget\" data-widget_type=\"pxl_heading.default\">\n\t\t\t\t<div class=\"elementor-widget-container\">\n\t\t\t\t\t<div class=\"pxl-heading-wrap d-flex layout1\">\n    <div class=\"pxl-heading-inner\">\n        \n        <h3 class=\"heading-title\">\n            <span >\n                Secteurs d\u2019activit\u00e9s            <\/span>\n                    <\/h3>\n\n            <\/div>\n<\/div>\n\n\t\t\t\t<\/div>\n\t\t\t\t<\/div>\n\t\t\t\t<div class=\"elementor-element elementor-element-eb11da4 elementor-icon-list--layout-traditional elementor-list-item-link-full_width elementor-widget elementor-widget-icon-list\" data-id=\"eb11da4\" data-element_type=\"widget\" data-widget_type=\"icon-list.default\">\n\t\t\t\t<div class=\"elementor-widget-container\">\n\t\t\t\t\t\t\t<ul class=\"elementor-icon-list-items\">\n\t\t\t\t\t\t\t<li class=\"elementor-icon-list-item\">\n\t\t\t\t\t\t\t\t\t\t\t<span class=\"elementor-icon-list-icon\">\n\t\t\t\t\t\t\t<svg xmlns=\"http:\/\/www.w3.org\/2000\/svg\" data-name=\"Layer 1\" viewbox=\"0 0 12 12\"><defs><style>.cls-1{fill:#ad9779;}.cls-2{fill:none;stroke:#ad9779;opacity:0.4;isolation:isolate;}<\/style><\/defs><rect class=\"cls-1\" x=\"3.5\" y=\"3.5\" width=\"5\" height=\"5\"><\/rect><rect class=\"cls-2\" x=\"0.5\" y=\"0.5\" width=\"11\" height=\"11\"><\/rect><\/svg>\t\t\t\t\t\t<\/span>\n\t\t\t\t\t\t\t\t\t\t<span class=\"elementor-icon-list-text\">Banques et assurances<\/span>\n\t\t\t\t\t\t\t\t\t<\/li>\n\t\t\t\t\t\t\t\t<li class=\"elementor-icon-list-item\">\n\t\t\t\t\t\t\t\t\t\t\t<span class=\"elementor-icon-list-icon\">\n\t\t\t\t\t\t\t<svg xmlns=\"http:\/\/www.w3.org\/2000\/svg\" data-name=\"Layer 1\" viewbox=\"0 0 12 12\"><defs><style>.cls-1{fill:#ad9779;}.cls-2{fill:none;stroke:#ad9779;opacity:0.4;isolation:isolate;}<\/style><\/defs><rect class=\"cls-1\" x=\"3.5\" y=\"3.5\" width=\"5\" height=\"5\"><\/rect><rect class=\"cls-2\" x=\"0.5\" y=\"0.5\" width=\"11\" height=\"11\"><\/rect><\/svg>\t\t\t\t\t\t<\/span>\n\t\t\t\t\t\t\t\t\t\t<span class=\"elementor-icon-list-text\">Energies &amp; Ressources naturelles<\/span>\n\t\t\t\t\t\t\t\t\t<\/li>\n\t\t\t\t\t\t\t\t<li class=\"elementor-icon-list-item\">\n\t\t\t\t\t\t\t\t\t\t\t<span class=\"elementor-icon-list-icon\">\n\t\t\t\t\t\t\t<svg xmlns=\"http:\/\/www.w3.org\/2000\/svg\" data-name=\"Layer 1\" viewbox=\"0 0 12 12\"><defs><style>.cls-1{fill:#ad9779;}.cls-2{fill:none;stroke:#ad9779;opacity:0.4;isolation:isolate;}<\/style><\/defs><rect class=\"cls-1\" x=\"3.5\" y=\"3.5\" width=\"5\" height=\"5\"><\/rect><rect class=\"cls-2\" x=\"0.5\" y=\"0.5\" width=\"11\" height=\"11\"><\/rect><\/svg>\t\t\t\t\t\t<\/span>\n\t\t\t\t\t\t\t\t\t\t<span class=\"elementor-icon-list-text\">Government and public sector<\/span>\n\t\t\t\t\t\t\t\t\t<\/li>\n\t\t\t\t\t\t<\/ul>\n\t\t\t\t\t\t<\/div>\n\t\t\t\t<\/div>\n\t\t                    <\/div>\r\n        <\/div>\r\n                <div class=\"elementor-column elementor-col-50 elementor-inner-column elementor-element elementor-element-e9d6ac8 pxl-column-element-default\" data-id=\"e9d6ac8\" data-element_type=\"column\">\r\n        <div class=\"elementor-widget-wrap elementor-element-populated\">\r\n                    \t\t<div class=\"elementor-element elementor-element-2d09a86 pxl-heading-layout-1 elementor-widget elementor-widget-pxl_heading\" data-id=\"2d09a86\" data-element_type=\"widget\" data-widget_type=\"pxl_heading.default\">\n\t\t\t\t<div class=\"elementor-widget-container\">\n\t\t\t\t\t<div class=\"pxl-heading-wrap d-flex layout1\">\n    <div class=\"pxl-heading-inner\">\n        \n        <h3 class=\"heading-title\">\n            <span >\n                Domaines d\u2019intervention            <\/span>\n                    <\/h3>\n\n            <\/div>\n<\/div>\n\n\t\t\t\t<\/div>\n\t\t\t\t<\/div>\n\t\t\t\t<div class=\"elementor-element elementor-element-63a65ec elementor-icon-list--layout-traditional elementor-list-item-link-full_width elementor-widget elementor-widget-icon-list\" data-id=\"63a65ec\" data-element_type=\"widget\" data-widget_type=\"icon-list.default\">\n\t\t\t\t<div class=\"elementor-widget-container\">\n\t\t\t\t\t\t\t<ul class=\"elementor-icon-list-items\">\n\t\t\t\t\t\t\t<li class=\"elementor-icon-list-item\">\n\t\t\t\t\t\t\t\t\t\t\t<span class=\"elementor-icon-list-icon\">\n\t\t\t\t\t\t\t<svg xmlns=\"http:\/\/www.w3.org\/2000\/svg\" data-name=\"Layer 1\" viewbox=\"0 0 12 12\"><defs><style>.cls-1{fill:#ad9779;}.cls-2{fill:none;stroke:#ad9779;opacity:0.4;isolation:isolate;}<\/style><\/defs><rect class=\"cls-1\" x=\"3.5\" y=\"3.5\" width=\"5\" height=\"5\"><\/rect><rect class=\"cls-2\" x=\"0.5\" y=\"0.5\" width=\"11\" height=\"11\"><\/rect><\/svg>\t\t\t\t\t\t<\/span>\n\t\t\t\t\t\t\t\t\t\t<span class=\"elementor-icon-list-text\">Fusions-Acquisitions<\/span>\n\t\t\t\t\t\t\t\t\t<\/li>\n\t\t\t\t\t\t\t\t<li class=\"elementor-icon-list-item\">\n\t\t\t\t\t\t\t\t\t\t\t<span class=\"elementor-icon-list-icon\">\n\t\t\t\t\t\t\t<svg xmlns=\"http:\/\/www.w3.org\/2000\/svg\" data-name=\"Layer 1\" viewbox=\"0 0 12 12\"><defs><style>.cls-1{fill:#ad9779;}.cls-2{fill:none;stroke:#ad9779;opacity:0.4;isolation:isolate;}<\/style><\/defs><rect class=\"cls-1\" x=\"3.5\" y=\"3.5\" width=\"5\" height=\"5\"><\/rect><rect class=\"cls-2\" x=\"0.5\" y=\"0.5\" width=\"11\" height=\"11\"><\/rect><\/svg>\t\t\t\t\t\t<\/span>\n\t\t\t\t\t\t\t\t\t\t<span class=\"elementor-icon-list-text\">Droit Public, March\u00e9s publics<\/span>\n\t\t\t\t\t\t\t\t\t<\/li>\n\t\t\t\t\t\t\t\t<li class=\"elementor-icon-list-item\">\n\t\t\t\t\t\t\t\t\t\t\t<span class=\"elementor-icon-list-icon\">\n\t\t\t\t\t\t\t<svg xmlns=\"http:\/\/www.w3.org\/2000\/svg\" data-name=\"Layer 1\" viewbox=\"0 0 12 12\"><defs><style>.cls-1{fill:#ad9779;}.cls-2{fill:none;stroke:#ad9779;opacity:0.4;isolation:isolate;}<\/style><\/defs><rect class=\"cls-1\" x=\"3.5\" y=\"3.5\" width=\"5\" height=\"5\"><\/rect><rect class=\"cls-2\" x=\"0.5\" y=\"0.5\" width=\"11\" height=\"11\"><\/rect><\/svg>\t\t\t\t\t\t<\/span>\n\t\t\t\t\t\t\t\t\t\t<span class=\"elementor-icon-list-text\">Droit foncier &amp; Transactions immobili\u00e8res<\/span>\n\t\t\t\t\t\t\t\t\t<\/li>\n\t\t\t\t\t\t<\/ul>\n\t\t\t\t\t\t<\/div>\n\t\t\t\t<\/div>\n\t\t                    <\/div>\r\n        <\/div>\r\n        \t\t\t<\/div>\n\t\t<\/section>\n\t\t        <section class=\"elementor-section elementor-inner-section elementor-element elementor-element-5aa8967 elementor-section-boxed elementor-section-height-default elementor-section-height-default pxl-shape-divider-none\" data-id=\"5aa8967\" data-element_type=\"section\">\n\n                \n                <div class=\"elementor-container elementor-column-gap-no\">\n                <div class=\"elementor-column elementor-col-100 elementor-inner-column elementor-element elementor-element-e78868b pxl-column-element-default\" data-id=\"e78868b\" data-element_type=\"column\">\r\n        <div class=\"elementor-widget-wrap elementor-element-populated\">\r\n                    \t\t<div class=\"elementor-element elementor-element-4b85efe pxl-heading-layout-1 elementor-widget elementor-widget-pxl_heading\" data-id=\"4b85efe\" data-element_type=\"widget\" data-widget_type=\"pxl_heading.default\">\n\t\t\t\t<div class=\"elementor-widget-container\">\n\t\t\t\t\t<div class=\"pxl-heading-wrap d-flex layout1\">\n    <div class=\"pxl-heading-inner\">\n        \n        <h3 class=\"heading-title\">\n            <span >\n                FORMATION            <\/span>\n                    <\/h3>\n\n            <\/div>\n<\/div>\n\n\t\t\t\t<\/div>\n\t\t\t\t<\/div>\n\t\t\t\t<div class=\"elementor-element elementor-element-93e6384 elementor-widget elementor-widget-pxl_testimonial_single\" data-id=\"93e6384\" data-element_type=\"widget\" data-widget_type=\"pxl_testimonial_single.default\">\n\t\t\t\t<div class=\"elementor-widget-container\">\n\t\t\t\t\t<div class=\"pxl-testimonial-single layout1\">\n    <div class=\"pxl-testimonial-icon\"><\/div>    <div class=\"pxl-testimonial-content\">\n                    <div class=\"client-said\">Dipl\u00f4me \u00c9cole Nationale de la Magistrature de Paris<\/div>\n                    <div class=\"client-info\">\n                            <div class=\"client-description\">Section Internationale (1982)<\/div>\n                                    <\/div>\n    <\/div>\n<\/div>\n\t\t\t\t<\/div>\n\t\t\t\t<\/div>\n\t\t\t\t<div class=\"elementor-element elementor-element-f679b17 elementor-widget-divider--view-line elementor-widget elementor-widget-divider\" data-id=\"f679b17\" data-element_type=\"widget\" data-widget_type=\"divider.default\">\n\t\t\t\t<div class=\"elementor-widget-container\">\n\t\t\t\t\t\t\t<div class=\"elementor-divider\">\n\t\t\t<span class=\"elementor-divider-separator\">\n\t\t\t\t\t\t<\/span>\n\t\t<\/div>\n\t\t\t\t\t\t<\/div>\n\t\t\t\t<\/div>\n\t\t\t\t<div class=\"elementor-element elementor-element-f389100 elementor-widget elementor-widget-pxl_testimonial_single\" data-id=\"f389100\" data-element_type=\"widget\" data-widget_type=\"pxl_testimonial_single.default\">\n\t\t\t\t<div class=\"elementor-widget-container\">\n\t\t\t\t\t<div class=\"pxl-testimonial-single layout1\">\n    <div class=\"pxl-testimonial-icon\"><\/div>    <div class=\"pxl-testimonial-content\">\n                    <div class=\"client-said\">Dipl\u00f4me en Criminologie et Sciences P\u00e9nitentiaires<\/div>\n                    <div class=\"client-info\">\n                            <div class=\"client-description\">Universit\u00e9 de Bordeaux (1980)<\/div>\n                                    <\/div>\n    <\/div>\n<\/div>\n\t\t\t\t<\/div>\n\t\t\t\t<\/div>\n\t\t                    <\/div>\r\n        <\/div>\r\n        \t\t\t<\/div>\n\t\t<\/section>\n\t\t                    <\/div>\r\n        <\/div>\r\n        \t\t\t<\/div>\n\t\t<\/section>\n\t\t\t\t<\/div>","protected":false},"excerpt":{"rendered":"<p>Alexis Vincent Gomes Bar Admission : Pointe Noire, Congo Languages spoken : French \u2013 English \u2013 Lingala Alexis Vincent Gomes Founding Partner Mr. Gomes is the Founding Partner of Cabinet Gomes. Former President of the Bar Association in Congo, Mr. Gomes has more than 40 years of experience on the African Continent. His expertise has [&hellip;]<\/p>","protected":false},"author":1,"featured_media":0,"parent":3893,"menu_order":0,"comment_status":"closed","ping_status":"closed","template":"","meta":{"footnotes":""},"class_list":["post-10992","page","type-page","status-publish","hentry"],"_links":{"self":[{"href":"https:\/\/gomeslawyers.com\/fr\/wp-json\/wp\/v2\/pages\/10992","targetHints":{"allow":["GET"]}}],"collection":[{"href":"https:\/\/gomeslawyers.com\/fr\/wp-json\/wp\/v2\/pages"}],"about":[{"href":"https:\/\/gomeslawyers.com\/fr\/wp-json\/wp\/v2\/types\/page"}],"author":[{"embeddable":true,"href":"https:\/\/gomeslawyers.com\/fr\/wp-json\/wp\/v2\/users\/1"}],"replies":[{"embeddable":true,"href":"https:\/\/gomeslawyers.com\/fr\/wp-json\/wp\/v2\/comments?post=10992"}],"version-history":[{"count":197,"href":"https:\/\/gomeslawyers.com\/fr\/wp-json\/wp\/v2\/pages\/10992\/revisions"}],"predecessor-version":[{"id":13460,"href":"https:\/\/gomeslawyers.com\/fr\/wp-json\/wp\/v2\/pages\/10992\/revisions\/13460"}],"up":[{"embeddable":true,"href":"https:\/\/gomeslawyers.com\/fr\/wp-json\/wp\/v2\/pages\/3893"}],"wp:attachment":[{"href":"https:\/\/gomeslawyers.com\/fr\/wp-json\/wp\/v2\/media?parent=10992"}],"curies":[{"name":"wp","href":"https:\/\/api.w.org\/{rel}","templated":true}]}}