{"id":10534,"date":"2024-04-04T18:06:47","date_gmt":"2024-04-04T16:06:47","guid":{"rendered":"https:\/\/gomeslawyers.com\/?page_id=10534"},"modified":"2024-08-07T21:42:18","modified_gmt":"2024-08-07T19:42:18","slug":"news","status":"publish","type":"page","link":"https:\/\/gomeslawyers.com\/fr\/news\/","title":{"rendered":"Actualit\u00e9s"},"content":{"rendered":"<div data-elementor-type=\"wp-page\" data-elementor-id=\"10534\" class=\"elementor elementor-10534\" data-elementor-post-type=\"page\">\n\t\t\t\t        <section class=\"elementor-section elementor-top-section elementor-element elementor-element-a18fac7 elementor-section-boxed elementor-section-height-default elementor-section-height-default pxl-shape-divider-none\" data-id=\"a18fac7\" data-element_type=\"section\">\n\n                \n                <div class=\"elementor-container elementor-column-gap-default\">\n                <div class=\"elementor-column elementor-col-100 elementor-top-column elementor-element elementor-element-81e63e8 pxl-column-element-default\" data-id=\"81e63e8\" data-element_type=\"column\">\r\n        <div class=\"elementor-widget-wrap elementor-element-populated\">\r\n                    \t\t<div class=\"elementor-element elementor-element-7ae25bb elementor-grid-3 elementor-grid-tablet-2 elementor-grid-mobile-1 elementor-posts--thumbnail-top elementor-card-shadow-yes elementor-posts__hover-gradient elementor-widget elementor-widget-posts\" data-id=\"7ae25bb\" data-element_type=\"widget\" data-settings=\"{&quot;cards_masonry&quot;:&quot;yes&quot;,&quot;cards_columns&quot;:&quot;3&quot;,&quot;cards_columns_tablet&quot;:&quot;2&quot;,&quot;cards_columns_mobile&quot;:&quot;1&quot;,&quot;cards_row_gap&quot;:{&quot;unit&quot;:&quot;px&quot;,&quot;size&quot;:35,&quot;sizes&quot;:[]},&quot;cards_row_gap_laptop&quot;:{&quot;unit&quot;:&quot;px&quot;,&quot;size&quot;:&quot;&quot;,&quot;sizes&quot;:[]},&quot;cards_row_gap_tablet_extra&quot;:{&quot;unit&quot;:&quot;px&quot;,&quot;size&quot;:&quot;&quot;,&quot;sizes&quot;:[]},&quot;cards_row_gap_tablet&quot;:{&quot;unit&quot;:&quot;px&quot;,&quot;size&quot;:&quot;&quot;,&quot;sizes&quot;:[]},&quot;cards_row_gap_mobile_extra&quot;:{&quot;unit&quot;:&quot;px&quot;,&quot;size&quot;:&quot;&quot;,&quot;sizes&quot;:[]},&quot;cards_row_gap_mobile&quot;:{&quot;unit&quot;:&quot;px&quot;,&quot;size&quot;:&quot;&quot;,&quot;sizes&quot;:[]}}\" data-widget_type=\"posts.cards\">\n\t\t\t\t<div class=\"elementor-widget-container\">\n\t\t\t\t\t\t\t<div class=\"elementor-posts-container elementor-posts elementor-posts--skin-cards elementor-grid\">\n\t\t\t\t<article class=\"elementor-post elementor-grid-item post-14662 post type-post status-publish format-standard has-post-thumbnail hentry category-business-law tag-bankruptcy tag-consumer\">\n\t\t\t<div class=\"elementor-post__card\">\n\t\t\t\t<a class=\"elementor-post__thumbnail__link\" href=\"https:\/\/gomeslawyers.com\/fr\/international-ranking-and-2025-awards-gomes-lawyers\/\" tabindex=\"-1\" ><div class=\"elementor-post__thumbnail\"><img fetchpriority=\"high\" decoding=\"async\" width=\"626\" height=\"376\" src=\"https:\/\/gomeslawyers.com\/wp-content\/uploads\/2022\/05\/ranking-cabinet.jpeg\" class=\"attachment-medium_large size-medium_large wp-image-14073\" alt=\"\" srcset=\"https:\/\/gomeslawyers.com\/wp-content\/uploads\/2022\/05\/ranking-cabinet.jpeg 626w, https:\/\/gomeslawyers.com\/wp-content\/uploads\/2022\/05\/ranking-cabinet-300x180.jpeg 300w, https:\/\/gomeslawyers.com\/wp-content\/uploads\/2022\/05\/ranking-cabinet-18x12.jpeg 18w, https:\/\/gomeslawyers.com\/wp-content\/uploads\/2022\/05\/ranking-cabinet-600x360.jpeg 600w\" sizes=\"(max-width: 626px) 100vw, 626px\" \/><\/div><\/a>\n\t\t\t\t<div class=\"elementor-post__text\">\n\t\t\t\t<h3 class=\"elementor-post__title\">\n\t\t\t<a href=\"https:\/\/gomeslawyers.com\/fr\/international-ranking-and-2025-awards-gomes-lawyers\/\" >\n\t\t\t\tInternational Ranking and 2025 Awards | Gomes Lawyers\t\t\t<\/a>\n\t\t<\/h3>\n\t\t\t\t<div class=\"elementor-post__excerpt\">\n\t\t\t<p>International Ranking and 2025 Awards | Gomes Lawyers This year, we are honored and grateful that our clients and colleagues continue to recognize the competency<\/p>\n\t\t<\/div>\n\t\t\n\t\t<a class=\"elementor-post__read-more\" href=\"https:\/\/gomeslawyers.com\/fr\/international-ranking-and-2025-awards-gomes-lawyers\/\" aria-label=\"Read more about International Ranking and 2025 Awards | Gomes Lawyers\" tabindex=\"-1\" >\n\t\t\tRead More \u00bb\t\t<\/a>\n\n\t\t\t\t<\/div>\n\t\t\t\t<div class=\"elementor-post__meta-data\">\n\t\t\t\t\t<span class=\"elementor-post-date\">\n\t\t\tmars 14, 2025\t\t<\/span>\n\t\t\t\t<\/div>\n\t\t\t\t\t<\/div>\n\t\t<\/article>\n\t\t\t\t<article class=\"elementor-post elementor-grid-item post-1168 post type-post status-publish format-standard has-post-thumbnail hentry category-business-law tag-bankruptcy tag-consumer\">\n\t\t\t<div class=\"elementor-post__card\">\n\t\t\t\t<a class=\"elementor-post__thumbnail__link\" href=\"https:\/\/gomeslawyers.com\/fr\/international-ranking-and-2024-awards-gomes-lawyers\/\" tabindex=\"-1\" ><div class=\"elementor-post__thumbnail\"><img fetchpriority=\"high\" decoding=\"async\" width=\"626\" height=\"376\" src=\"https:\/\/gomeslawyers.com\/wp-content\/uploads\/2022\/05\/ranking-cabinet.jpeg\" class=\"attachment-medium_large size-medium_large wp-image-14073\" alt=\"\" srcset=\"https:\/\/gomeslawyers.com\/wp-content\/uploads\/2022\/05\/ranking-cabinet.jpeg 626w, https:\/\/gomeslawyers.com\/wp-content\/uploads\/2022\/05\/ranking-cabinet-300x180.jpeg 300w, https:\/\/gomeslawyers.com\/wp-content\/uploads\/2022\/05\/ranking-cabinet-18x12.jpeg 18w, https:\/\/gomeslawyers.com\/wp-content\/uploads\/2022\/05\/ranking-cabinet-600x360.jpeg 600w\" sizes=\"(max-width: 626px) 100vw, 626px\" \/><\/div><\/a>\n\t\t\t\t<div class=\"elementor-post__text\">\n\t\t\t\t<h3 class=\"elementor-post__title\">\n\t\t\t<a href=\"https:\/\/gomeslawyers.com\/fr\/international-ranking-and-2024-awards-gomes-lawyers\/\" >\n\t\t\t\tClassements internationaux et Awards 2024\t\t\t<\/a>\n\t\t<\/h3>\n\t\t\t\t<div class=\"elementor-post__excerpt\">\n\t\t\t<p>Cette ann\u00e9e, nous sommes honor\u00e9s et reconnaissants que nos clients et coll\u00e8gues continuent de reconna\u00eetre la comp\u00e9tence de notre cabinet. En tant qu'entreprise africaine, nous<\/p>\n\t\t<\/div>\n\t\t\n\t\t<a class=\"elementor-post__read-more\" href=\"https:\/\/gomeslawyers.com\/fr\/international-ranking-and-2024-awards-gomes-lawyers\/\" aria-label=\"Read more about International Ranking and 2024 Awards | Gomes Lawyers\" tabindex=\"-1\" >\n\t\t\tRead More \u00bb\t\t<\/a>\n\n\t\t\t\t<\/div>\n\t\t\t\t<div class=\"elementor-post__meta-data\">\n\t\t\t\t\t<span class=\"elementor-post-date\">\n\t\t\tmars 6, 2024\t\t<\/span>\n\t\t\t\t<\/div>\n\t\t\t\t\t<\/div>\n\t\t<\/article>\n\t\t\t\t<article class=\"elementor-post elementor-grid-item post-1140 post type-post status-publish format-standard has-post-thumbnail hentry category-business-law\">\n\t\t\t<div class=\"elementor-post__card\">\n\t\t\t\t<a class=\"elementor-post__thumbnail__link\" href=\"https:\/\/gomeslawyers.com\/fr\/analysis-of-the-law-on-public-private-partnership-in-the-republic-of-congo\/\" tabindex=\"-1\" ><div class=\"elementor-post__thumbnail\"><img decoding=\"async\" width=\"626\" height=\"376\" src=\"https:\/\/gomeslawyers.com\/wp-content\/uploads\/2022\/05\/public-private_partner_cabinet.jpg\" class=\"attachment-medium_large size-medium_large wp-image-14075\" alt=\"\" srcset=\"https:\/\/gomeslawyers.com\/wp-content\/uploads\/2022\/05\/public-private_partner_cabinet.jpg 626w, https:\/\/gomeslawyers.com\/wp-content\/uploads\/2022\/05\/public-private_partner_cabinet-300x180.jpg 300w, https:\/\/gomeslawyers.com\/wp-content\/uploads\/2022\/05\/public-private_partner_cabinet-18x12.jpg 18w, https:\/\/gomeslawyers.com\/wp-content\/uploads\/2022\/05\/public-private_partner_cabinet-600x360.jpg 600w\" sizes=\"(max-width: 626px) 100vw, 626px\" \/><\/div><\/a>\n\t\t\t\t<div class=\"elementor-post__text\">\n\t\t\t\t<h3 class=\"elementor-post__title\">\n\t\t\t<a href=\"https:\/\/gomeslawyers.com\/fr\/analysis-of-the-law-on-public-private-partnership-in-the-republic-of-congo\/\" >\n\t\t\t\tAnalyse de la Loi Relative aux Contrats de Partenariat Public-Prive\t\t\t<\/a>\n\t\t<\/h3>\n\t\t\t\t<div class=\"elementor-post__excerpt\">\n\t\t\t<p>Analyse de la loi sur le partenariat public-priv\u00e9 en r\u00e9publique du congo Les contrats de partenariat public-priv\u00e9 sont devenus depuis la cr\u00e9ation du minist\u00e8re de l'\u00e9conomie et des finances, des contrats d'entreprise et des contrats d'assurance.<\/p>\n\t\t<\/div>\n\t\t\n\t\t<a class=\"elementor-post__read-more\" href=\"https:\/\/gomeslawyers.com\/fr\/analysis-of-the-law-on-public-private-partnership-in-the-republic-of-congo\/\" aria-label=\"Read more about Analysis of the law on public-private partnership in the republic of congo\" tabindex=\"-1\" >\n\t\t\tRead More \u00bb\t\t<\/a>\n\n\t\t\t\t<\/div>\n\t\t\t\t<div class=\"elementor-post__meta-data\">\n\t\t\t\t\t<span class=\"elementor-post-date\">\n\t\t\tjanvier 24, 2023\t\t<\/span>\n\t\t\t\t<\/div>\n\t\t\t\t\t<\/div>\n\t\t<\/article>\n\t\t\t\t<\/div>\n\t\t\n\t\t\t\t\t\t<\/div>\n\t\t\t\t<\/div>\n\t\t                    <\/div>\r\n        <\/div>\r\n        \t\t\t<\/div>\n\t\t<\/section>\n\t\t        <section class=\"elementor-section elementor-top-section elementor-element elementor-element-33009da elementor-section-boxed elementor-section-height-default elementor-section-height-default pxl-shape-divider-none\" data-id=\"33009da\" data-element_type=\"section\">\n\n                \n                <div class=\"elementor-container elementor-column-gap-default\">\n                <div class=\"elementor-column elementor-col-100 elementor-top-column elementor-element elementor-element-529d7cc pxl-column-element-default\" data-id=\"529d7cc\" data-element_type=\"column\">\r\n        <div class=\"elementor-widget-wrap\">\r\n                                        <\/div>\r\n        <\/div>\r\n        \t\t\t<\/div>\n\t\t<\/section>\n\t\t\t\t<\/div>","protected":false},"excerpt":{"rendered":"","protected":false},"author":1,"featured_media":0,"parent":0,"menu_order":0,"comment_status":"closed","ping_status":"closed","template":"","meta":{"footnotes":""},"class_list":["post-10534","page","type-page","status-publish","hentry"],"_links":{"self":[{"href":"https:\/\/gomeslawyers.com\/fr\/wp-json\/wp\/v2\/pages\/10534","targetHints":{"allow":["GET"]}}],"collection":[{"href":"https:\/\/gomeslawyers.com\/fr\/wp-json\/wp\/v2\/pages"}],"about":[{"href":"https:\/\/gomeslawyers.com\/fr\/wp-json\/wp\/v2\/types\/page"}],"author":[{"embeddable":true,"href":"https:\/\/gomeslawyers.com\/fr\/wp-json\/wp\/v2\/users\/1"}],"replies":[{"embeddable":true,"href":"https:\/\/gomeslawyers.com\/fr\/wp-json\/wp\/v2\/comments?post=10534"}],"version-history":[{"count":40,"href":"https:\/\/gomeslawyers.com\/fr\/wp-json\/wp\/v2\/pages\/10534\/revisions"}],"predecessor-version":[{"id":14101,"href":"https:\/\/gomeslawyers.com\/fr\/wp-json\/wp\/v2\/pages\/10534\/revisions\/14101"}],"wp:attachment":[{"href":"https:\/\/gomeslawyers.com\/fr\/wp-json\/wp\/v2\/media?parent=10534"}],"curies":[{"name":"wp","href":"https:\/\/api.w.org\/{rel}","templated":true}]}}